{"id":583,"date":"2025-05-16T05:22:02","date_gmt":"2025-05-16T03:22:02","guid":{"rendered":"http:\/\/localhost\/wordpress\/?post_type=product&#038;p=583"},"modified":"2025-05-24T05:34:09","modified_gmt":"2025-05-24T03:34:09","slug":"pack-i-love-you-mum","status":"publish","type":"product","link":"https:\/\/gift-and-smile.com\/?product=pack-i-love-you-mum","title":{"rendered":"Pack I love You Mum"},"content":{"rendered":"<p>Le <strong>Pack I Love You Mum<\/strong> de <strong>Gift and Smile<\/strong> est une d\u00e9licate attention con\u00e7ue pour c\u00e9l\u00e9brer l\u2019amour et la gratitude envers une maman exceptionnelle.<\/p>\n","protected":false},"excerpt":{"rendered":"<p><strong>Pack I Love You Mum \u2013 Un Cadeau Rempli d\u2019Amour<\/strong>\u00a0 Un coffret \u00e9l\u00e9gant con\u00e7u pour exprimer toute votre affection envers votre maman.<\/p>\n","protected":false},"featured_media":1259,"comment_status":"closed","ping_status":"closed","template":"","meta":{"site-sidebar-layout":"default","site-content-layout":"","ast-site-content-layout":"default","site-content-style":"default","site-sidebar-style":"default","ast-global-header-display":"","ast-banner-title-visibility":"","ast-main-header-display":"","ast-hfb-above-header-display":"","ast-hfb-below-header-display":"","ast-hfb-mobile-header-display":"","site-post-title":"","ast-breadcrumbs-content":"","ast-featured-img":"","footer-sml-layout":"","ast-disable-related-posts":"","theme-transparent-header-meta":"default","adv-header-id-meta":"","stick-header-meta":"","header-above-stick-meta":"","header-main-stick-meta":"","header-below-stick-meta":"","astra-migrate-meta-layouts":"set","ast-page-background-enabled":"default","ast-page-background-meta":{"desktop":{"background-color":"var(--ast-global-color-5)","background-image":"","background-repeat":"repeat","background-position":"center center","background-size":"auto","background-attachment":"scroll","background-type":"","background-media":"","overlay-type":"","overlay-color":"","overlay-opacity":"","overlay-gradient":""},"tablet":{"background-color":"","background-image":"","background-repeat":"repeat","background-position":"center center","background-size":"auto","background-attachment":"scroll","background-type":"","background-media":"","overlay-type":"","overlay-color":"","overlay-opacity":"","overlay-gradient":""},"mobile":{"background-color":"","background-image":"","background-repeat":"repeat","background-position":"center center","background-size":"auto","background-attachment":"scroll","background-type":"","background-media":"","overlay-type":"","overlay-color":"","overlay-opacity":"","overlay-gradient":""}},"ast-content-background-meta":{"desktop":{"background-color":"var(--ast-global-color-4)","background-image":"","background-repeat":"repeat","background-position":"center center","background-size":"auto","background-attachment":"scroll","background-type":"","background-media":"","overlay-type":"","overlay-color":"","overlay-opacity":"","overlay-gradient":""},"tablet":{"background-color":"var(--ast-global-color-4)","background-image":"","background-repeat":"repeat","background-position":"center center","background-size":"auto","background-attachment":"scroll","background-type":"","background-media":"","overlay-type":"","overlay-color":"","overlay-opacity":"","overlay-gradient":""},"mobile":{"background-color":"var(--ast-global-color-4)","background-image":"","background-repeat":"repeat","background-position":"center center","background-size":"auto","background-attachment":"scroll","background-type":"","background-media":"","overlay-type":"","overlay-color":"","overlay-opacity":"","overlay-gradient":""}}},"product_brand":[],"product_cat":[32],"product_tag":[37],"class_list":{"0":"post-583","1":"product","2":"type-product","3":"status-publish","4":"has-post-thumbnail","6":"product_cat-paniers-cadeaux","7":"product_tag-fetes-des-meres","8":"desktop-align-left","9":"tablet-align-left","10":"mobile-align-left","12":"first","13":"instock","14":"sale","15":"taxable","16":"shipping-taxable","17":"purchasable","18":"product-type-simple"},"yoast_head":"<!-- This site is optimized with the Yoast SEO plugin v26.7 - https:\/\/yoast.com\/wordpress\/plugins\/seo\/ -->\n<title>Pack I love You Mum - Gift and smile<\/title>\n<meta name=\"robots\" content=\"index, follow, max-snippet:-1, max-image-preview:large, max-video-preview:-1\" \/>\n<link rel=\"canonical\" href=\"https:\/\/gift-and-smile.com\/?product=pack-i-love-you-mum\" \/>\n<meta property=\"og:locale\" content=\"fr_FR\" \/>\n<meta property=\"og:type\" content=\"article\" \/>\n<meta property=\"og:title\" content=\"Pack I love You Mum - Gift and smile\" \/>\n<meta property=\"og:description\" content=\"Pack I Love You Mum \u2013 Un Cadeau Rempli d\u2019Amour\u00a0 Un coffret \u00e9l\u00e9gant con\u00e7u pour exprimer toute votre affection envers votre maman.\" \/>\n<meta property=\"og:url\" content=\"https:\/\/gift-and-smile.com\/?product=pack-i-love-you-mum\" \/>\n<meta property=\"og:site_name\" content=\"Gift and smile\" \/>\n<meta property=\"article:modified_time\" content=\"2025-05-24T03:34:09+00:00\" \/>\n<meta property=\"og:image\" content=\"https:\/\/gift-and-smile.com\/wp-content\/uploads\/2025\/05\/2000.jpg\" \/>\n\t<meta property=\"og:image:width\" content=\"512\" \/>\n\t<meta property=\"og:image:height\" content=\"512\" \/>\n\t<meta property=\"og:image:type\" content=\"image\/jpeg\" \/>\n<meta name=\"twitter:card\" content=\"summary_large_image\" \/>\n<script type=\"application\/ld+json\" class=\"yoast-schema-graph\">{\"@context\":\"https:\/\/schema.org\",\"@graph\":[{\"@type\":\"WebPage\",\"@id\":\"https:\/\/gift-and-smile.com\/?product=pack-i-love-you-mum\",\"url\":\"https:\/\/gift-and-smile.com\/?product=pack-i-love-you-mum\",\"name\":\"Pack I love You Mum - Gift and smile\",\"isPartOf\":{\"@id\":\"https:\/\/gift-and-smile.com\/#website\"},\"primaryImageOfPage\":{\"@id\":\"https:\/\/gift-and-smile.com\/?product=pack-i-love-you-mum#primaryimage\"},\"image\":{\"@id\":\"https:\/\/gift-and-smile.com\/?product=pack-i-love-you-mum#primaryimage\"},\"thumbnailUrl\":\"https:\/\/gift-and-smile.com\/wp-content\/uploads\/2025\/05\/2000.jpg\",\"datePublished\":\"2025-05-16T03:22:02+00:00\",\"dateModified\":\"2025-05-24T03:34:09+00:00\",\"breadcrumb\":{\"@id\":\"https:\/\/gift-and-smile.com\/?product=pack-i-love-you-mum#breadcrumb\"},\"inLanguage\":\"fr-FR\",\"potentialAction\":[{\"@type\":\"ReadAction\",\"target\":[\"https:\/\/gift-and-smile.com\/?product=pack-i-love-you-mum\"]}]},{\"@type\":\"ImageObject\",\"inLanguage\":\"fr-FR\",\"@id\":\"https:\/\/gift-and-smile.com\/?product=pack-i-love-you-mum#primaryimage\",\"url\":\"https:\/\/gift-and-smile.com\/wp-content\/uploads\/2025\/05\/2000.jpg\",\"contentUrl\":\"https:\/\/gift-and-smile.com\/wp-content\/uploads\/2025\/05\/2000.jpg\",\"width\":512,\"height\":512},{\"@type\":\"BreadcrumbList\",\"@id\":\"https:\/\/gift-and-smile.com\/?product=pack-i-love-you-mum#breadcrumb\",\"itemListElement\":[{\"@type\":\"ListItem\",\"position\":1,\"name\":\"Accueil\",\"item\":\"https:\/\/gift-and-smile.com\/\"},{\"@type\":\"ListItem\",\"position\":2,\"name\":\"Boutique\",\"item\":\"https:\/\/gift-and-smile.com\/?page_id=362\"},{\"@type\":\"ListItem\",\"position\":3,\"name\":\"Pack I love You Mum\"}]},{\"@type\":\"WebSite\",\"@id\":\"https:\/\/gift-and-smile.com\/#website\",\"url\":\"https:\/\/gift-and-smile.com\/\",\"name\":\"Gift and smile\",\"description\":\"Donner du sourire\",\"publisher\":{\"@id\":\"https:\/\/gift-and-smile.com\/#organization\"},\"potentialAction\":[{\"@type\":\"SearchAction\",\"target\":{\"@type\":\"EntryPoint\",\"urlTemplate\":\"https:\/\/gift-and-smile.com\/?s={search_term_string}\"},\"query-input\":{\"@type\":\"PropertyValueSpecification\",\"valueRequired\":true,\"valueName\":\"search_term_string\"}}],\"inLanguage\":\"fr-FR\"},{\"@type\":\"Organization\",\"@id\":\"https:\/\/gift-and-smile.com\/#organization\",\"name\":\"Gift and smile\",\"url\":\"https:\/\/gift-and-smile.com\/\",\"logo\":{\"@type\":\"ImageObject\",\"inLanguage\":\"fr-FR\",\"@id\":\"https:\/\/gift-and-smile.com\/#\/schema\/logo\/image\/\",\"url\":\"https:\/\/gift-and-smile.com\/wp-content\/uploads\/2025\/05\/cropped-logo1.jpg\",\"contentUrl\":\"https:\/\/gift-and-smile.com\/wp-content\/uploads\/2025\/05\/cropped-logo1.jpg\",\"width\":1078,\"height\":720,\"caption\":\"Gift and smile\"},\"image\":{\"@id\":\"https:\/\/gift-and-smile.com\/#\/schema\/logo\/image\/\"}}]}<\/script>\n<!-- \/ Yoast SEO plugin. -->","yoast_head_json":{"title":"Pack I love You Mum - Gift and smile","robots":{"index":"index","follow":"follow","max-snippet":"max-snippet:-1","max-image-preview":"max-image-preview:large","max-video-preview":"max-video-preview:-1"},"canonical":"https:\/\/gift-and-smile.com\/?product=pack-i-love-you-mum","og_locale":"fr_FR","og_type":"article","og_title":"Pack I love You Mum - Gift and smile","og_description":"Pack I Love You Mum \u2013 Un Cadeau Rempli d\u2019Amour\u00a0 Un coffret \u00e9l\u00e9gant con\u00e7u pour exprimer toute votre affection envers votre maman.","og_url":"https:\/\/gift-and-smile.com\/?product=pack-i-love-you-mum","og_site_name":"Gift and smile","article_modified_time":"2025-05-24T03:34:09+00:00","og_image":[{"width":512,"height":512,"url":"https:\/\/gift-and-smile.com\/wp-content\/uploads\/2025\/05\/2000.jpg","type":"image\/jpeg"}],"twitter_card":"summary_large_image","schema":{"@context":"https:\/\/schema.org","@graph":[{"@type":"WebPage","@id":"https:\/\/gift-and-smile.com\/?product=pack-i-love-you-mum","url":"https:\/\/gift-and-smile.com\/?product=pack-i-love-you-mum","name":"Pack I love You Mum - Gift and smile","isPartOf":{"@id":"https:\/\/gift-and-smile.com\/#website"},"primaryImageOfPage":{"@id":"https:\/\/gift-and-smile.com\/?product=pack-i-love-you-mum#primaryimage"},"image":{"@id":"https:\/\/gift-and-smile.com\/?product=pack-i-love-you-mum#primaryimage"},"thumbnailUrl":"https:\/\/gift-and-smile.com\/wp-content\/uploads\/2025\/05\/2000.jpg","datePublished":"2025-05-16T03:22:02+00:00","dateModified":"2025-05-24T03:34:09+00:00","breadcrumb":{"@id":"https:\/\/gift-and-smile.com\/?product=pack-i-love-you-mum#breadcrumb"},"inLanguage":"fr-FR","potentialAction":[{"@type":"ReadAction","target":["https:\/\/gift-and-smile.com\/?product=pack-i-love-you-mum"]}]},{"@type":"ImageObject","inLanguage":"fr-FR","@id":"https:\/\/gift-and-smile.com\/?product=pack-i-love-you-mum#primaryimage","url":"https:\/\/gift-and-smile.com\/wp-content\/uploads\/2025\/05\/2000.jpg","contentUrl":"https:\/\/gift-and-smile.com\/wp-content\/uploads\/2025\/05\/2000.jpg","width":512,"height":512},{"@type":"BreadcrumbList","@id":"https:\/\/gift-and-smile.com\/?product=pack-i-love-you-mum#breadcrumb","itemListElement":[{"@type":"ListItem","position":1,"name":"Accueil","item":"https:\/\/gift-and-smile.com\/"},{"@type":"ListItem","position":2,"name":"Boutique","item":"https:\/\/gift-and-smile.com\/?page_id=362"},{"@type":"ListItem","position":3,"name":"Pack I love You Mum"}]},{"@type":"WebSite","@id":"https:\/\/gift-and-smile.com\/#website","url":"https:\/\/gift-and-smile.com\/","name":"Gift and smile","description":"Donner du sourire","publisher":{"@id":"https:\/\/gift-and-smile.com\/#organization"},"potentialAction":[{"@type":"SearchAction","target":{"@type":"EntryPoint","urlTemplate":"https:\/\/gift-and-smile.com\/?s={search_term_string}"},"query-input":{"@type":"PropertyValueSpecification","valueRequired":true,"valueName":"search_term_string"}}],"inLanguage":"fr-FR"},{"@type":"Organization","@id":"https:\/\/gift-and-smile.com\/#organization","name":"Gift and smile","url":"https:\/\/gift-and-smile.com\/","logo":{"@type":"ImageObject","inLanguage":"fr-FR","@id":"https:\/\/gift-and-smile.com\/#\/schema\/logo\/image\/","url":"https:\/\/gift-and-smile.com\/wp-content\/uploads\/2025\/05\/cropped-logo1.jpg","contentUrl":"https:\/\/gift-and-smile.com\/wp-content\/uploads\/2025\/05\/cropped-logo1.jpg","width":1078,"height":720,"caption":"Gift and smile"},"image":{"@id":"https:\/\/gift-and-smile.com\/#\/schema\/logo\/image\/"}}]}},"_links":{"self":[{"href":"https:\/\/gift-and-smile.com\/index.php?rest_route=\/wp\/v2\/product\/583","targetHints":{"allow":["GET"]}}],"collection":[{"href":"https:\/\/gift-and-smile.com\/index.php?rest_route=\/wp\/v2\/product"}],"about":[{"href":"https:\/\/gift-and-smile.com\/index.php?rest_route=\/wp\/v2\/types\/product"}],"replies":[{"embeddable":true,"href":"https:\/\/gift-and-smile.com\/index.php?rest_route=%2Fwp%2Fv2%2Fcomments&post=583"}],"wp:featuredmedia":[{"embeddable":true,"href":"https:\/\/gift-and-smile.com\/index.php?rest_route=\/wp\/v2\/media\/1259"}],"wp:attachment":[{"href":"https:\/\/gift-and-smile.com\/index.php?rest_route=%2Fwp%2Fv2%2Fmedia&parent=583"}],"wp:term":[{"taxonomy":"product_brand","embeddable":true,"href":"https:\/\/gift-and-smile.com\/index.php?rest_route=%2Fwp%2Fv2%2Fproduct_brand&post=583"},{"taxonomy":"product_cat","embeddable":true,"href":"https:\/\/gift-and-smile.com\/index.php?rest_route=%2Fwp%2Fv2%2Fproduct_cat&post=583"},{"taxonomy":"product_tag","embeddable":true,"href":"https:\/\/gift-and-smile.com\/index.php?rest_route=%2Fwp%2Fv2%2Fproduct_tag&post=583"}],"curies":[{"name":"wp","href":"https:\/\/api.w.org\/{rel}","templated":true}]}}