{"id":579,"date":"2025-05-16T04:55:08","date_gmt":"2025-05-16T02:55:08","guid":{"rendered":"http:\/\/localhost\/wordpress\/?post_type=product&#038;p=579"},"modified":"2025-05-24T05:35:59","modified_gmt":"2025-05-24T03:35:59","slug":"pack-merci-maman","status":"publish","type":"product","link":"https:\/\/gift-and-smile.com\/?product=pack-merci-maman","title":{"rendered":"Pack Merci Maman"},"content":{"rendered":"<p>Le <strong>Pack Merci Maman<\/strong> de <strong>Gift and Smile<\/strong> est une d\u00e9licate attention con\u00e7ue pour exprimer toute la gratitude et l\u2019amour envers une m\u00e8re exceptionnelle<\/p>\n","protected":false},"excerpt":{"rendered":"<p><strong>Pack Merci Maman \u2013 Un Cadeau Rempli de Tendresse<\/strong>\u00a0 Exprimez votre amour et votre gratitude avec ce coffret soigneusement con\u00e7u pour c\u00e9l\u00e9brer toutes les mamans.<\/p>\n","protected":false},"featured_media":1260,"comment_status":"closed","ping_status":"closed","template":"","meta":{"site-sidebar-layout":"default","site-content-layout":"","ast-site-content-layout":"default","site-content-style":"default","site-sidebar-style":"default","ast-global-header-display":"","ast-banner-title-visibility":"","ast-main-header-display":"","ast-hfb-above-header-display":"","ast-hfb-below-header-display":"","ast-hfb-mobile-header-display":"","site-post-title":"","ast-breadcrumbs-content":"","ast-featured-img":"","footer-sml-layout":"","ast-disable-related-posts":"","theme-transparent-header-meta":"default","adv-header-id-meta":"","stick-header-meta":"","header-above-stick-meta":"","header-main-stick-meta":"","header-below-stick-meta":"","astra-migrate-meta-layouts":"set","ast-page-background-enabled":"default","ast-page-background-meta":{"desktop":{"background-color":"var(--ast-global-color-5)","background-image":"","background-repeat":"repeat","background-position":"center center","background-size":"auto","background-attachment":"scroll","background-type":"","background-media":"","overlay-type":"","overlay-color":"","overlay-opacity":"","overlay-gradient":""},"tablet":{"background-color":"","background-image":"","background-repeat":"repeat","background-position":"center center","background-size":"auto","background-attachment":"scroll","background-type":"","background-media":"","overlay-type":"","overlay-color":"","overlay-opacity":"","overlay-gradient":""},"mobile":{"background-color":"","background-image":"","background-repeat":"repeat","background-position":"center center","background-size":"auto","background-attachment":"scroll","background-type":"","background-media":"","overlay-type":"","overlay-color":"","overlay-opacity":"","overlay-gradient":""}},"ast-content-background-meta":{"desktop":{"background-color":"var(--ast-global-color-4)","background-image":"","background-repeat":"repeat","background-position":"center center","background-size":"auto","background-attachment":"scroll","background-type":"","background-media":"","overlay-type":"","overlay-color":"","overlay-opacity":"","overlay-gradient":""},"tablet":{"background-color":"var(--ast-global-color-4)","background-image":"","background-repeat":"repeat","background-position":"center center","background-size":"auto","background-attachment":"scroll","background-type":"","background-media":"","overlay-type":"","overlay-color":"","overlay-opacity":"","overlay-gradient":""},"mobile":{"background-color":"var(--ast-global-color-4)","background-image":"","background-repeat":"repeat","background-position":"center center","background-size":"auto","background-attachment":"scroll","background-type":"","background-media":"","overlay-type":"","overlay-color":"","overlay-opacity":"","overlay-gradient":""}}},"product_brand":[],"product_cat":[32],"product_tag":[36,35,37,33],"class_list":{"0":"post-579","1":"product","2":"type-product","3":"status-publish","4":"has-post-thumbnail","6":"product_cat-paniers-cadeaux","7":"product_tag-aniversaires","8":"product_tag-evenements","9":"product_tag-fetes-des-meres","10":"product_tag-occasions","11":"desktop-align-left","12":"tablet-align-left","13":"mobile-align-left","15":"first","16":"instock","17":"taxable","18":"shipping-taxable","19":"purchasable","20":"product-type-simple"},"yoast_head":"<!-- This site is optimized with the Yoast SEO plugin v26.7 - https:\/\/yoast.com\/wordpress\/plugins\/seo\/ -->\n<title>Pack Merci Maman - Gift and smile<\/title>\n<meta name=\"robots\" content=\"index, follow, max-snippet:-1, max-image-preview:large, max-video-preview:-1\" \/>\n<link rel=\"canonical\" href=\"https:\/\/gift-and-smile.com\/?product=pack-merci-maman\" \/>\n<meta property=\"og:locale\" content=\"fr_FR\" \/>\n<meta property=\"og:type\" content=\"article\" \/>\n<meta property=\"og:title\" content=\"Pack Merci Maman - Gift and smile\" \/>\n<meta property=\"og:description\" content=\"Pack Merci Maman \u2013 Un Cadeau Rempli de Tendresse\u00a0 Exprimez votre amour et votre gratitude avec ce coffret soigneusement con\u00e7u pour c\u00e9l\u00e9brer toutes les mamans.\" \/>\n<meta property=\"og:url\" content=\"https:\/\/gift-and-smile.com\/?product=pack-merci-maman\" \/>\n<meta property=\"og:site_name\" content=\"Gift and smile\" \/>\n<meta property=\"article:modified_time\" content=\"2025-05-24T03:35:59+00:00\" \/>\n<meta property=\"og:image\" content=\"https:\/\/gift-and-smile.com\/wp-content\/uploads\/2025\/05\/2001.jpg\" \/>\n\t<meta property=\"og:image:width\" content=\"512\" \/>\n\t<meta property=\"og:image:height\" content=\"512\" \/>\n\t<meta property=\"og:image:type\" content=\"image\/jpeg\" \/>\n<meta name=\"twitter:card\" content=\"summary_large_image\" \/>\n<script type=\"application\/ld+json\" class=\"yoast-schema-graph\">{\"@context\":\"https:\/\/schema.org\",\"@graph\":[{\"@type\":\"WebPage\",\"@id\":\"https:\/\/gift-and-smile.com\/?product=pack-merci-maman\",\"url\":\"https:\/\/gift-and-smile.com\/?product=pack-merci-maman\",\"name\":\"Pack Merci Maman - Gift and smile\",\"isPartOf\":{\"@id\":\"https:\/\/gift-and-smile.com\/#website\"},\"primaryImageOfPage\":{\"@id\":\"https:\/\/gift-and-smile.com\/?product=pack-merci-maman#primaryimage\"},\"image\":{\"@id\":\"https:\/\/gift-and-smile.com\/?product=pack-merci-maman#primaryimage\"},\"thumbnailUrl\":\"https:\/\/gift-and-smile.com\/wp-content\/uploads\/2025\/05\/2001.jpg\",\"datePublished\":\"2025-05-16T02:55:08+00:00\",\"dateModified\":\"2025-05-24T03:35:59+00:00\",\"breadcrumb\":{\"@id\":\"https:\/\/gift-and-smile.com\/?product=pack-merci-maman#breadcrumb\"},\"inLanguage\":\"fr-FR\",\"potentialAction\":[{\"@type\":\"ReadAction\",\"target\":[\"https:\/\/gift-and-smile.com\/?product=pack-merci-maman\"]}]},{\"@type\":\"ImageObject\",\"inLanguage\":\"fr-FR\",\"@id\":\"https:\/\/gift-and-smile.com\/?product=pack-merci-maman#primaryimage\",\"url\":\"https:\/\/gift-and-smile.com\/wp-content\/uploads\/2025\/05\/2001.jpg\",\"contentUrl\":\"https:\/\/gift-and-smile.com\/wp-content\/uploads\/2025\/05\/2001.jpg\",\"width\":512,\"height\":512},{\"@type\":\"BreadcrumbList\",\"@id\":\"https:\/\/gift-and-smile.com\/?product=pack-merci-maman#breadcrumb\",\"itemListElement\":[{\"@type\":\"ListItem\",\"position\":1,\"name\":\"Accueil\",\"item\":\"https:\/\/gift-and-smile.com\/\"},{\"@type\":\"ListItem\",\"position\":2,\"name\":\"Boutique\",\"item\":\"https:\/\/gift-and-smile.com\/?page_id=362\"},{\"@type\":\"ListItem\",\"position\":3,\"name\":\"Pack Merci Maman\"}]},{\"@type\":\"WebSite\",\"@id\":\"https:\/\/gift-and-smile.com\/#website\",\"url\":\"https:\/\/gift-and-smile.com\/\",\"name\":\"Gift and smile\",\"description\":\"Donner du sourire\",\"publisher\":{\"@id\":\"https:\/\/gift-and-smile.com\/#organization\"},\"potentialAction\":[{\"@type\":\"SearchAction\",\"target\":{\"@type\":\"EntryPoint\",\"urlTemplate\":\"https:\/\/gift-and-smile.com\/?s={search_term_string}\"},\"query-input\":{\"@type\":\"PropertyValueSpecification\",\"valueRequired\":true,\"valueName\":\"search_term_string\"}}],\"inLanguage\":\"fr-FR\"},{\"@type\":\"Organization\",\"@id\":\"https:\/\/gift-and-smile.com\/#organization\",\"name\":\"Gift and smile\",\"url\":\"https:\/\/gift-and-smile.com\/\",\"logo\":{\"@type\":\"ImageObject\",\"inLanguage\":\"fr-FR\",\"@id\":\"https:\/\/gift-and-smile.com\/#\/schema\/logo\/image\/\",\"url\":\"https:\/\/gift-and-smile.com\/wp-content\/uploads\/2025\/05\/cropped-logo1.jpg\",\"contentUrl\":\"https:\/\/gift-and-smile.com\/wp-content\/uploads\/2025\/05\/cropped-logo1.jpg\",\"width\":1078,\"height\":720,\"caption\":\"Gift and smile\"},\"image\":{\"@id\":\"https:\/\/gift-and-smile.com\/#\/schema\/logo\/image\/\"}}]}<\/script>\n<!-- \/ Yoast SEO plugin. -->","yoast_head_json":{"title":"Pack Merci Maman - Gift and smile","robots":{"index":"index","follow":"follow","max-snippet":"max-snippet:-1","max-image-preview":"max-image-preview:large","max-video-preview":"max-video-preview:-1"},"canonical":"https:\/\/gift-and-smile.com\/?product=pack-merci-maman","og_locale":"fr_FR","og_type":"article","og_title":"Pack Merci Maman - Gift and smile","og_description":"Pack Merci Maman \u2013 Un Cadeau Rempli de Tendresse\u00a0 Exprimez votre amour et votre gratitude avec ce coffret soigneusement con\u00e7u pour c\u00e9l\u00e9brer toutes les mamans.","og_url":"https:\/\/gift-and-smile.com\/?product=pack-merci-maman","og_site_name":"Gift and smile","article_modified_time":"2025-05-24T03:35:59+00:00","og_image":[{"width":512,"height":512,"url":"https:\/\/gift-and-smile.com\/wp-content\/uploads\/2025\/05\/2001.jpg","type":"image\/jpeg"}],"twitter_card":"summary_large_image","schema":{"@context":"https:\/\/schema.org","@graph":[{"@type":"WebPage","@id":"https:\/\/gift-and-smile.com\/?product=pack-merci-maman","url":"https:\/\/gift-and-smile.com\/?product=pack-merci-maman","name":"Pack Merci Maman - Gift and smile","isPartOf":{"@id":"https:\/\/gift-and-smile.com\/#website"},"primaryImageOfPage":{"@id":"https:\/\/gift-and-smile.com\/?product=pack-merci-maman#primaryimage"},"image":{"@id":"https:\/\/gift-and-smile.com\/?product=pack-merci-maman#primaryimage"},"thumbnailUrl":"https:\/\/gift-and-smile.com\/wp-content\/uploads\/2025\/05\/2001.jpg","datePublished":"2025-05-16T02:55:08+00:00","dateModified":"2025-05-24T03:35:59+00:00","breadcrumb":{"@id":"https:\/\/gift-and-smile.com\/?product=pack-merci-maman#breadcrumb"},"inLanguage":"fr-FR","potentialAction":[{"@type":"ReadAction","target":["https:\/\/gift-and-smile.com\/?product=pack-merci-maman"]}]},{"@type":"ImageObject","inLanguage":"fr-FR","@id":"https:\/\/gift-and-smile.com\/?product=pack-merci-maman#primaryimage","url":"https:\/\/gift-and-smile.com\/wp-content\/uploads\/2025\/05\/2001.jpg","contentUrl":"https:\/\/gift-and-smile.com\/wp-content\/uploads\/2025\/05\/2001.jpg","width":512,"height":512},{"@type":"BreadcrumbList","@id":"https:\/\/gift-and-smile.com\/?product=pack-merci-maman#breadcrumb","itemListElement":[{"@type":"ListItem","position":1,"name":"Accueil","item":"https:\/\/gift-and-smile.com\/"},{"@type":"ListItem","position":2,"name":"Boutique","item":"https:\/\/gift-and-smile.com\/?page_id=362"},{"@type":"ListItem","position":3,"name":"Pack Merci Maman"}]},{"@type":"WebSite","@id":"https:\/\/gift-and-smile.com\/#website","url":"https:\/\/gift-and-smile.com\/","name":"Gift and smile","description":"Donner du sourire","publisher":{"@id":"https:\/\/gift-and-smile.com\/#organization"},"potentialAction":[{"@type":"SearchAction","target":{"@type":"EntryPoint","urlTemplate":"https:\/\/gift-and-smile.com\/?s={search_term_string}"},"query-input":{"@type":"PropertyValueSpecification","valueRequired":true,"valueName":"search_term_string"}}],"inLanguage":"fr-FR"},{"@type":"Organization","@id":"https:\/\/gift-and-smile.com\/#organization","name":"Gift and smile","url":"https:\/\/gift-and-smile.com\/","logo":{"@type":"ImageObject","inLanguage":"fr-FR","@id":"https:\/\/gift-and-smile.com\/#\/schema\/logo\/image\/","url":"https:\/\/gift-and-smile.com\/wp-content\/uploads\/2025\/05\/cropped-logo1.jpg","contentUrl":"https:\/\/gift-and-smile.com\/wp-content\/uploads\/2025\/05\/cropped-logo1.jpg","width":1078,"height":720,"caption":"Gift and smile"},"image":{"@id":"https:\/\/gift-and-smile.com\/#\/schema\/logo\/image\/"}}]}},"_links":{"self":[{"href":"https:\/\/gift-and-smile.com\/index.php?rest_route=\/wp\/v2\/product\/579","targetHints":{"allow":["GET"]}}],"collection":[{"href":"https:\/\/gift-and-smile.com\/index.php?rest_route=\/wp\/v2\/product"}],"about":[{"href":"https:\/\/gift-and-smile.com\/index.php?rest_route=\/wp\/v2\/types\/product"}],"replies":[{"embeddable":true,"href":"https:\/\/gift-and-smile.com\/index.php?rest_route=%2Fwp%2Fv2%2Fcomments&post=579"}],"wp:featuredmedia":[{"embeddable":true,"href":"https:\/\/gift-and-smile.com\/index.php?rest_route=\/wp\/v2\/media\/1260"}],"wp:attachment":[{"href":"https:\/\/gift-and-smile.com\/index.php?rest_route=%2Fwp%2Fv2%2Fmedia&parent=579"}],"wp:term":[{"taxonomy":"product_brand","embeddable":true,"href":"https:\/\/gift-and-smile.com\/index.php?rest_route=%2Fwp%2Fv2%2Fproduct_brand&post=579"},{"taxonomy":"product_cat","embeddable":true,"href":"https:\/\/gift-and-smile.com\/index.php?rest_route=%2Fwp%2Fv2%2Fproduct_cat&post=579"},{"taxonomy":"product_tag","embeddable":true,"href":"https:\/\/gift-and-smile.com\/index.php?rest_route=%2Fwp%2Fv2%2Fproduct_tag&post=579"}],"curies":[{"name":"wp","href":"https:\/\/api.w.org\/{rel}","templated":true}]}}