{"id":475,"date":"2025-05-15T21:42:36","date_gmt":"2025-05-15T19:42:36","guid":{"rendered":"http:\/\/localhost\/wordpress\/?post_type=product&#038;p=475"},"modified":"2025-05-18T18:23:38","modified_gmt":"2025-05-18T16:23:38","slug":"pack-splendide","status":"publish","type":"product","link":"https:\/\/gift-and-smile.com\/?product=pack-splendide","title":{"rendered":"Pack Splendide"},"content":{"rendered":"<p style=\"text-align: left;\">Un <strong>panier cadeau Gift and Smile<\/strong> est un \u00e9l\u00e9gant coffret rempli de surprises soigneusement choisies pour \u00e9merveiller le destinataire. Personnalis\u00e9 selon l\u2019occasion et les go\u00fbts, il peut contenir des douceurs gourmandes, des accessoires raffin\u00e9s, des produits bien-\u00eatre et des petits tr\u00e9sors uniques. Emball\u00e9 avec soin et cr\u00e9ativit\u00e9, il transforme chaque moment en une v\u00e9ritable exp\u00e9rience \u00e9motionnelle. \ud83c\udf81\u2728<\/p>\n","protected":false},"excerpt":{"rendered":"<p><strong>Panier Anniversaire<\/strong> : Un assortiment festif compos\u00e9 de douceurs sucr\u00e9es, chocolats fins, une bougie parfum\u00e9e et une carte personnalis\u00e9e pour transmettre un message chaleureux.<\/p>\n","protected":false},"featured_media":632,"comment_status":"open","ping_status":"closed","template":"","meta":{"site-sidebar-layout":"default","site-content-layout":"","ast-site-content-layout":"default","site-content-style":"default","site-sidebar-style":"default","ast-global-header-display":"","ast-banner-title-visibility":"","ast-main-header-display":"","ast-hfb-above-header-display":"","ast-hfb-below-header-display":"","ast-hfb-mobile-header-display":"","site-post-title":"","ast-breadcrumbs-content":"","ast-featured-img":"","footer-sml-layout":"","ast-disable-related-posts":"","theme-transparent-header-meta":"default","adv-header-id-meta":"","stick-header-meta":"","header-above-stick-meta":"","header-main-stick-meta":"","header-below-stick-meta":"","astra-migrate-meta-layouts":"set","ast-page-background-enabled":"default","ast-page-background-meta":{"desktop":{"background-color":"var(--ast-global-color-5)","background-image":"","background-repeat":"repeat","background-position":"center center","background-size":"auto","background-attachment":"scroll","background-type":"","background-media":"","overlay-type":"","overlay-color":"","overlay-opacity":"","overlay-gradient":""},"tablet":{"background-color":"","background-image":"","background-repeat":"repeat","background-position":"center center","background-size":"auto","background-attachment":"scroll","background-type":"","background-media":"","overlay-type":"","overlay-color":"","overlay-opacity":"","overlay-gradient":""},"mobile":{"background-color":"","background-image":"","background-repeat":"repeat","background-position":"center center","background-size":"auto","background-attachment":"scroll","background-type":"","background-media":"","overlay-type":"","overlay-color":"","overlay-opacity":"","overlay-gradient":""}},"ast-content-background-meta":{"desktop":{"background-color":"var(--ast-global-color-4)","background-image":"","background-repeat":"repeat","background-position":"center center","background-size":"auto","background-attachment":"scroll","background-type":"","background-media":"","overlay-type":"","overlay-color":"","overlay-opacity":"","overlay-gradient":""},"tablet":{"background-color":"var(--ast-global-color-4)","background-image":"","background-repeat":"repeat","background-position":"center center","background-size":"auto","background-attachment":"scroll","background-type":"","background-media":"","overlay-type":"","overlay-color":"","overlay-opacity":"","overlay-gradient":""},"mobile":{"background-color":"var(--ast-global-color-4)","background-image":"","background-repeat":"repeat","background-position":"center center","background-size":"auto","background-attachment":"scroll","background-type":"","background-media":"","overlay-type":"","overlay-color":"","overlay-opacity":"","overlay-gradient":""}}},"product_brand":[],"product_cat":[32],"product_tag":[36,35,33],"class_list":{"0":"post-475","1":"product","2":"type-product","3":"status-publish","4":"has-post-thumbnail","6":"product_cat-paniers-cadeaux","7":"product_tag-aniversaires","8":"product_tag-evenements","9":"product_tag-occasions","10":"desktop-align-left","11":"tablet-align-left","12":"mobile-align-left","14":"first","15":"instock","16":"sale","17":"taxable","18":"shipping-taxable","19":"purchasable","20":"product-type-simple"},"yoast_head":"<!-- This site is optimized with the Yoast SEO plugin v26.7 - https:\/\/yoast.com\/wordpress\/plugins\/seo\/ -->\n<title>Pack Splendide - Gift and smile<\/title>\n<meta name=\"robots\" content=\"index, follow, max-snippet:-1, max-image-preview:large, max-video-preview:-1\" \/>\n<link rel=\"canonical\" href=\"https:\/\/gift-and-smile.com\/?product=pack-splendide\" \/>\n<meta property=\"og:locale\" content=\"fr_FR\" \/>\n<meta property=\"og:type\" content=\"article\" \/>\n<meta property=\"og:title\" content=\"Pack Splendide - Gift and smile\" \/>\n<meta property=\"og:description\" content=\"Panier Anniversaire : Un assortiment festif compos\u00e9 de douceurs sucr\u00e9es, chocolats fins, une bougie parfum\u00e9e et une carte personnalis\u00e9e pour transmettre un message chaleureux.\" \/>\n<meta property=\"og:url\" content=\"https:\/\/gift-and-smile.com\/?product=pack-splendide\" \/>\n<meta property=\"og:site_name\" content=\"Gift and smile\" \/>\n<meta property=\"article:modified_time\" content=\"2025-05-18T16:23:38+00:00\" \/>\n<meta property=\"og:image\" content=\"https:\/\/gift-and-smile.com\/wp-content\/uploads\/2025\/05\/packet1.jpg\" \/>\n\t<meta property=\"og:image:width\" content=\"810\" \/>\n\t<meta property=\"og:image:height\" content=\"1080\" \/>\n\t<meta property=\"og:image:type\" content=\"image\/jpeg\" \/>\n<meta name=\"twitter:card\" content=\"summary_large_image\" \/>\n<script type=\"application\/ld+json\" class=\"yoast-schema-graph\">{\"@context\":\"https:\/\/schema.org\",\"@graph\":[{\"@type\":\"WebPage\",\"@id\":\"https:\/\/gift-and-smile.com\/?product=pack-splendide\",\"url\":\"https:\/\/gift-and-smile.com\/?product=pack-splendide\",\"name\":\"Pack Splendide - Gift and smile\",\"isPartOf\":{\"@id\":\"https:\/\/gift-and-smile.com\/#website\"},\"primaryImageOfPage\":{\"@id\":\"https:\/\/gift-and-smile.com\/?product=pack-splendide#primaryimage\"},\"image\":{\"@id\":\"https:\/\/gift-and-smile.com\/?product=pack-splendide#primaryimage\"},\"thumbnailUrl\":\"https:\/\/gift-and-smile.com\/wp-content\/uploads\/2025\/05\/packet1.jpg\",\"datePublished\":\"2025-05-15T19:42:36+00:00\",\"dateModified\":\"2025-05-18T16:23:38+00:00\",\"breadcrumb\":{\"@id\":\"https:\/\/gift-and-smile.com\/?product=pack-splendide#breadcrumb\"},\"inLanguage\":\"fr-FR\",\"potentialAction\":[{\"@type\":\"ReadAction\",\"target\":[\"https:\/\/gift-and-smile.com\/?product=pack-splendide\"]}]},{\"@type\":\"ImageObject\",\"inLanguage\":\"fr-FR\",\"@id\":\"https:\/\/gift-and-smile.com\/?product=pack-splendide#primaryimage\",\"url\":\"https:\/\/gift-and-smile.com\/wp-content\/uploads\/2025\/05\/packet1.jpg\",\"contentUrl\":\"https:\/\/gift-and-smile.com\/wp-content\/uploads\/2025\/05\/packet1.jpg\",\"width\":810,\"height\":1080},{\"@type\":\"BreadcrumbList\",\"@id\":\"https:\/\/gift-and-smile.com\/?product=pack-splendide#breadcrumb\",\"itemListElement\":[{\"@type\":\"ListItem\",\"position\":1,\"name\":\"Accueil\",\"item\":\"https:\/\/gift-and-smile.com\/\"},{\"@type\":\"ListItem\",\"position\":2,\"name\":\"Boutique\",\"item\":\"https:\/\/gift-and-smile.com\/?page_id=362\"},{\"@type\":\"ListItem\",\"position\":3,\"name\":\"Pack Splendide\"}]},{\"@type\":\"WebSite\",\"@id\":\"https:\/\/gift-and-smile.com\/#website\",\"url\":\"https:\/\/gift-and-smile.com\/\",\"name\":\"Gift and smile\",\"description\":\"Donner du sourire\",\"publisher\":{\"@id\":\"https:\/\/gift-and-smile.com\/#organization\"},\"potentialAction\":[{\"@type\":\"SearchAction\",\"target\":{\"@type\":\"EntryPoint\",\"urlTemplate\":\"https:\/\/gift-and-smile.com\/?s={search_term_string}\"},\"query-input\":{\"@type\":\"PropertyValueSpecification\",\"valueRequired\":true,\"valueName\":\"search_term_string\"}}],\"inLanguage\":\"fr-FR\"},{\"@type\":\"Organization\",\"@id\":\"https:\/\/gift-and-smile.com\/#organization\",\"name\":\"Gift and smile\",\"url\":\"https:\/\/gift-and-smile.com\/\",\"logo\":{\"@type\":\"ImageObject\",\"inLanguage\":\"fr-FR\",\"@id\":\"https:\/\/gift-and-smile.com\/#\/schema\/logo\/image\/\",\"url\":\"https:\/\/gift-and-smile.com\/wp-content\/uploads\/2025\/05\/cropped-logo1.jpg\",\"contentUrl\":\"https:\/\/gift-and-smile.com\/wp-content\/uploads\/2025\/05\/cropped-logo1.jpg\",\"width\":1078,\"height\":720,\"caption\":\"Gift and smile\"},\"image\":{\"@id\":\"https:\/\/gift-and-smile.com\/#\/schema\/logo\/image\/\"}}]}<\/script>\n<!-- \/ Yoast SEO plugin. -->","yoast_head_json":{"title":"Pack Splendide - Gift and smile","robots":{"index":"index","follow":"follow","max-snippet":"max-snippet:-1","max-image-preview":"max-image-preview:large","max-video-preview":"max-video-preview:-1"},"canonical":"https:\/\/gift-and-smile.com\/?product=pack-splendide","og_locale":"fr_FR","og_type":"article","og_title":"Pack Splendide - Gift and smile","og_description":"Panier Anniversaire : Un assortiment festif compos\u00e9 de douceurs sucr\u00e9es, chocolats fins, une bougie parfum\u00e9e et une carte personnalis\u00e9e pour transmettre un message chaleureux.","og_url":"https:\/\/gift-and-smile.com\/?product=pack-splendide","og_site_name":"Gift and smile","article_modified_time":"2025-05-18T16:23:38+00:00","og_image":[{"width":810,"height":1080,"url":"https:\/\/gift-and-smile.com\/wp-content\/uploads\/2025\/05\/packet1.jpg","type":"image\/jpeg"}],"twitter_card":"summary_large_image","schema":{"@context":"https:\/\/schema.org","@graph":[{"@type":"WebPage","@id":"https:\/\/gift-and-smile.com\/?product=pack-splendide","url":"https:\/\/gift-and-smile.com\/?product=pack-splendide","name":"Pack Splendide - Gift and smile","isPartOf":{"@id":"https:\/\/gift-and-smile.com\/#website"},"primaryImageOfPage":{"@id":"https:\/\/gift-and-smile.com\/?product=pack-splendide#primaryimage"},"image":{"@id":"https:\/\/gift-and-smile.com\/?product=pack-splendide#primaryimage"},"thumbnailUrl":"https:\/\/gift-and-smile.com\/wp-content\/uploads\/2025\/05\/packet1.jpg","datePublished":"2025-05-15T19:42:36+00:00","dateModified":"2025-05-18T16:23:38+00:00","breadcrumb":{"@id":"https:\/\/gift-and-smile.com\/?product=pack-splendide#breadcrumb"},"inLanguage":"fr-FR","potentialAction":[{"@type":"ReadAction","target":["https:\/\/gift-and-smile.com\/?product=pack-splendide"]}]},{"@type":"ImageObject","inLanguage":"fr-FR","@id":"https:\/\/gift-and-smile.com\/?product=pack-splendide#primaryimage","url":"https:\/\/gift-and-smile.com\/wp-content\/uploads\/2025\/05\/packet1.jpg","contentUrl":"https:\/\/gift-and-smile.com\/wp-content\/uploads\/2025\/05\/packet1.jpg","width":810,"height":1080},{"@type":"BreadcrumbList","@id":"https:\/\/gift-and-smile.com\/?product=pack-splendide#breadcrumb","itemListElement":[{"@type":"ListItem","position":1,"name":"Accueil","item":"https:\/\/gift-and-smile.com\/"},{"@type":"ListItem","position":2,"name":"Boutique","item":"https:\/\/gift-and-smile.com\/?page_id=362"},{"@type":"ListItem","position":3,"name":"Pack Splendide"}]},{"@type":"WebSite","@id":"https:\/\/gift-and-smile.com\/#website","url":"https:\/\/gift-and-smile.com\/","name":"Gift and smile","description":"Donner du sourire","publisher":{"@id":"https:\/\/gift-and-smile.com\/#organization"},"potentialAction":[{"@type":"SearchAction","target":{"@type":"EntryPoint","urlTemplate":"https:\/\/gift-and-smile.com\/?s={search_term_string}"},"query-input":{"@type":"PropertyValueSpecification","valueRequired":true,"valueName":"search_term_string"}}],"inLanguage":"fr-FR"},{"@type":"Organization","@id":"https:\/\/gift-and-smile.com\/#organization","name":"Gift and smile","url":"https:\/\/gift-and-smile.com\/","logo":{"@type":"ImageObject","inLanguage":"fr-FR","@id":"https:\/\/gift-and-smile.com\/#\/schema\/logo\/image\/","url":"https:\/\/gift-and-smile.com\/wp-content\/uploads\/2025\/05\/cropped-logo1.jpg","contentUrl":"https:\/\/gift-and-smile.com\/wp-content\/uploads\/2025\/05\/cropped-logo1.jpg","width":1078,"height":720,"caption":"Gift and smile"},"image":{"@id":"https:\/\/gift-and-smile.com\/#\/schema\/logo\/image\/"}}]}},"_links":{"self":[{"href":"https:\/\/gift-and-smile.com\/index.php?rest_route=\/wp\/v2\/product\/475","targetHints":{"allow":["GET"]}}],"collection":[{"href":"https:\/\/gift-and-smile.com\/index.php?rest_route=\/wp\/v2\/product"}],"about":[{"href":"https:\/\/gift-and-smile.com\/index.php?rest_route=\/wp\/v2\/types\/product"}],"replies":[{"embeddable":true,"href":"https:\/\/gift-and-smile.com\/index.php?rest_route=%2Fwp%2Fv2%2Fcomments&post=475"}],"wp:featuredmedia":[{"embeddable":true,"href":"https:\/\/gift-and-smile.com\/index.php?rest_route=\/wp\/v2\/media\/632"}],"wp:attachment":[{"href":"https:\/\/gift-and-smile.com\/index.php?rest_route=%2Fwp%2Fv2%2Fmedia&parent=475"}],"wp:term":[{"taxonomy":"product_brand","embeddable":true,"href":"https:\/\/gift-and-smile.com\/index.php?rest_route=%2Fwp%2Fv2%2Fproduct_brand&post=475"},{"taxonomy":"product_cat","embeddable":true,"href":"https:\/\/gift-and-smile.com\/index.php?rest_route=%2Fwp%2Fv2%2Fproduct_cat&post=475"},{"taxonomy":"product_tag","embeddable":true,"href":"https:\/\/gift-and-smile.com\/index.php?rest_route=%2Fwp%2Fv2%2Fproduct_tag&post=475"}],"curies":[{"name":"wp","href":"https:\/\/api.w.org\/{rel}","templated":true}]}}