{"id":1263,"date":"2025-05-24T05:48:15","date_gmt":"2025-05-24T03:48:15","guid":{"rendered":"https:\/\/gift-and-smile.com\/?post_type=product&#038;p=1263"},"modified":"2025-05-24T05:48:15","modified_gmt":"2025-05-24T03:48:15","slug":"pause-douceur","status":"publish","type":"product","link":"https:\/\/gift-and-smile.com\/?product=pause-douceur","title":{"rendered":"Pause Douceur"},"content":{"rendered":"<p><strong>Description du produit<\/strong> : Une s\u00e9lection raffin\u00e9e de douceurs : muffins, mini-tartes, yaourts onctueux et une boisson chaude r\u00e9confortante. Id\u00e9al pour une pause d\u00e9tente.<\/p>\n","protected":false},"excerpt":{"rendered":"<p>Un instant de douceur \u00e0 savourer \u00e0 tout moment.<\/p>\n","protected":false},"featured_media":1264,"comment_status":"closed","ping_status":"closed","template":"","meta":{"site-sidebar-layout":"default","site-content-layout":"","ast-site-content-layout":"default","site-content-style":"default","site-sidebar-style":"default","ast-global-header-display":"","ast-banner-title-visibility":"","ast-main-header-display":"","ast-hfb-above-header-display":"","ast-hfb-below-header-display":"","ast-hfb-mobile-header-display":"","site-post-title":"","ast-breadcrumbs-content":"","ast-featured-img":"","footer-sml-layout":"","ast-disable-related-posts":"","theme-transparent-header-meta":"default","adv-header-id-meta":"","stick-header-meta":"","header-above-stick-meta":"","header-main-stick-meta":"","header-below-stick-meta":"","astra-migrate-meta-layouts":"set","ast-page-background-enabled":"default","ast-page-background-meta":{"desktop":{"background-color":"var(--ast-global-color-5)","background-image":"","background-repeat":"repeat","background-position":"center center","background-size":"auto","background-attachment":"scroll","background-type":"","background-media":"","overlay-type":"","overlay-color":"","overlay-opacity":"","overlay-gradient":""},"tablet":{"background-color":"","background-image":"","background-repeat":"repeat","background-position":"center center","background-size":"auto","background-attachment":"scroll","background-type":"","background-media":"","overlay-type":"","overlay-color":"","overlay-opacity":"","overlay-gradient":""},"mobile":{"background-color":"","background-image":"","background-repeat":"repeat","background-position":"center center","background-size":"auto","background-attachment":"scroll","background-type":"","background-media":"","overlay-type":"","overlay-color":"","overlay-opacity":"","overlay-gradient":""}},"ast-content-background-meta":{"desktop":{"background-color":"var(--ast-global-color-4)","background-image":"","background-repeat":"repeat","background-position":"center center","background-size":"auto","background-attachment":"scroll","background-type":"","background-media":"","overlay-type":"","overlay-color":"","overlay-opacity":"","overlay-gradient":""},"tablet":{"background-color":"var(--ast-global-color-4)","background-image":"","background-repeat":"repeat","background-position":"center center","background-size":"auto","background-attachment":"scroll","background-type":"","background-media":"","overlay-type":"","overlay-color":"","overlay-opacity":"","overlay-gradient":""},"mobile":{"background-color":"var(--ast-global-color-4)","background-image":"","background-repeat":"repeat","background-position":"center center","background-size":"auto","background-attachment":"scroll","background-type":"","background-media":"","overlay-type":"","overlay-color":"","overlay-opacity":"","overlay-gradient":""}}},"product_brand":[],"product_cat":[39],"product_tag":[36],"class_list":{"0":"post-1263","1":"product","2":"type-product","3":"status-publish","4":"has-post-thumbnail","6":"product_cat-brunch-boxes","7":"product_tag-aniversaires","8":"desktop-align-left","9":"tablet-align-left","10":"mobile-align-left","12":"first","13":"instock","14":"taxable","15":"shipping-taxable","16":"purchasable","17":"product-type-simple"},"yoast_head":"<!-- This site is optimized with the Yoast SEO plugin v26.7 - https:\/\/yoast.com\/wordpress\/plugins\/seo\/ -->\n<title>Pause Douceur - Gift and smile<\/title>\n<meta name=\"robots\" content=\"index, follow, max-snippet:-1, max-image-preview:large, max-video-preview:-1\" \/>\n<link rel=\"canonical\" href=\"https:\/\/gift-and-smile.com\/?product=pause-douceur\" \/>\n<meta property=\"og:locale\" content=\"fr_FR\" \/>\n<meta property=\"og:type\" content=\"article\" \/>\n<meta property=\"og:title\" content=\"Pause Douceur - Gift and smile\" \/>\n<meta property=\"og:description\" content=\"Un instant de douceur \u00e0 savourer \u00e0 tout moment.\" \/>\n<meta property=\"og:url\" content=\"https:\/\/gift-and-smile.com\/?product=pause-douceur\" \/>\n<meta property=\"og:site_name\" content=\"Gift and smile\" \/>\n<meta property=\"og:image\" content=\"https:\/\/gift-and-smile.com\/wp-content\/uploads\/2025\/05\/2003.jpg\" \/>\n\t<meta property=\"og:image:width\" content=\"512\" \/>\n\t<meta property=\"og:image:height\" content=\"512\" \/>\n\t<meta property=\"og:image:type\" content=\"image\/jpeg\" \/>\n<meta name=\"twitter:card\" content=\"summary_large_image\" \/>\n<script type=\"application\/ld+json\" class=\"yoast-schema-graph\">{\"@context\":\"https:\/\/schema.org\",\"@graph\":[{\"@type\":\"WebPage\",\"@id\":\"https:\/\/gift-and-smile.com\/?product=pause-douceur\",\"url\":\"https:\/\/gift-and-smile.com\/?product=pause-douceur\",\"name\":\"Pause Douceur - Gift and smile\",\"isPartOf\":{\"@id\":\"https:\/\/gift-and-smile.com\/#website\"},\"primaryImageOfPage\":{\"@id\":\"https:\/\/gift-and-smile.com\/?product=pause-douceur#primaryimage\"},\"image\":{\"@id\":\"https:\/\/gift-and-smile.com\/?product=pause-douceur#primaryimage\"},\"thumbnailUrl\":\"https:\/\/gift-and-smile.com\/wp-content\/uploads\/2025\/05\/2003.jpg\",\"datePublished\":\"2025-05-24T03:48:15+00:00\",\"breadcrumb\":{\"@id\":\"https:\/\/gift-and-smile.com\/?product=pause-douceur#breadcrumb\"},\"inLanguage\":\"fr-FR\",\"potentialAction\":[{\"@type\":\"ReadAction\",\"target\":[\"https:\/\/gift-and-smile.com\/?product=pause-douceur\"]}]},{\"@type\":\"ImageObject\",\"inLanguage\":\"fr-FR\",\"@id\":\"https:\/\/gift-and-smile.com\/?product=pause-douceur#primaryimage\",\"url\":\"https:\/\/gift-and-smile.com\/wp-content\/uploads\/2025\/05\/2003.jpg\",\"contentUrl\":\"https:\/\/gift-and-smile.com\/wp-content\/uploads\/2025\/05\/2003.jpg\",\"width\":512,\"height\":512},{\"@type\":\"BreadcrumbList\",\"@id\":\"https:\/\/gift-and-smile.com\/?product=pause-douceur#breadcrumb\",\"itemListElement\":[{\"@type\":\"ListItem\",\"position\":1,\"name\":\"Accueil\",\"item\":\"https:\/\/gift-and-smile.com\/\"},{\"@type\":\"ListItem\",\"position\":2,\"name\":\"Boutique\",\"item\":\"https:\/\/gift-and-smile.com\/?page_id=362\"},{\"@type\":\"ListItem\",\"position\":3,\"name\":\"Pause Douceur\"}]},{\"@type\":\"WebSite\",\"@id\":\"https:\/\/gift-and-smile.com\/#website\",\"url\":\"https:\/\/gift-and-smile.com\/\",\"name\":\"Gift and smile\",\"description\":\"Donner du sourire\",\"publisher\":{\"@id\":\"https:\/\/gift-and-smile.com\/#organization\"},\"potentialAction\":[{\"@type\":\"SearchAction\",\"target\":{\"@type\":\"EntryPoint\",\"urlTemplate\":\"https:\/\/gift-and-smile.com\/?s={search_term_string}\"},\"query-input\":{\"@type\":\"PropertyValueSpecification\",\"valueRequired\":true,\"valueName\":\"search_term_string\"}}],\"inLanguage\":\"fr-FR\"},{\"@type\":\"Organization\",\"@id\":\"https:\/\/gift-and-smile.com\/#organization\",\"name\":\"Gift and smile\",\"url\":\"https:\/\/gift-and-smile.com\/\",\"logo\":{\"@type\":\"ImageObject\",\"inLanguage\":\"fr-FR\",\"@id\":\"https:\/\/gift-and-smile.com\/#\/schema\/logo\/image\/\",\"url\":\"https:\/\/gift-and-smile.com\/wp-content\/uploads\/2025\/05\/cropped-logo1.jpg\",\"contentUrl\":\"https:\/\/gift-and-smile.com\/wp-content\/uploads\/2025\/05\/cropped-logo1.jpg\",\"width\":1078,\"height\":720,\"caption\":\"Gift and smile\"},\"image\":{\"@id\":\"https:\/\/gift-and-smile.com\/#\/schema\/logo\/image\/\"}}]}<\/script>\n<!-- \/ Yoast SEO plugin. -->","yoast_head_json":{"title":"Pause Douceur - Gift and smile","robots":{"index":"index","follow":"follow","max-snippet":"max-snippet:-1","max-image-preview":"max-image-preview:large","max-video-preview":"max-video-preview:-1"},"canonical":"https:\/\/gift-and-smile.com\/?product=pause-douceur","og_locale":"fr_FR","og_type":"article","og_title":"Pause Douceur - Gift and smile","og_description":"Un instant de douceur \u00e0 savourer \u00e0 tout moment.","og_url":"https:\/\/gift-and-smile.com\/?product=pause-douceur","og_site_name":"Gift and smile","og_image":[{"width":512,"height":512,"url":"https:\/\/gift-and-smile.com\/wp-content\/uploads\/2025\/05\/2003.jpg","type":"image\/jpeg"}],"twitter_card":"summary_large_image","schema":{"@context":"https:\/\/schema.org","@graph":[{"@type":"WebPage","@id":"https:\/\/gift-and-smile.com\/?product=pause-douceur","url":"https:\/\/gift-and-smile.com\/?product=pause-douceur","name":"Pause Douceur - Gift and smile","isPartOf":{"@id":"https:\/\/gift-and-smile.com\/#website"},"primaryImageOfPage":{"@id":"https:\/\/gift-and-smile.com\/?product=pause-douceur#primaryimage"},"image":{"@id":"https:\/\/gift-and-smile.com\/?product=pause-douceur#primaryimage"},"thumbnailUrl":"https:\/\/gift-and-smile.com\/wp-content\/uploads\/2025\/05\/2003.jpg","datePublished":"2025-05-24T03:48:15+00:00","breadcrumb":{"@id":"https:\/\/gift-and-smile.com\/?product=pause-douceur#breadcrumb"},"inLanguage":"fr-FR","potentialAction":[{"@type":"ReadAction","target":["https:\/\/gift-and-smile.com\/?product=pause-douceur"]}]},{"@type":"ImageObject","inLanguage":"fr-FR","@id":"https:\/\/gift-and-smile.com\/?product=pause-douceur#primaryimage","url":"https:\/\/gift-and-smile.com\/wp-content\/uploads\/2025\/05\/2003.jpg","contentUrl":"https:\/\/gift-and-smile.com\/wp-content\/uploads\/2025\/05\/2003.jpg","width":512,"height":512},{"@type":"BreadcrumbList","@id":"https:\/\/gift-and-smile.com\/?product=pause-douceur#breadcrumb","itemListElement":[{"@type":"ListItem","position":1,"name":"Accueil","item":"https:\/\/gift-and-smile.com\/"},{"@type":"ListItem","position":2,"name":"Boutique","item":"https:\/\/gift-and-smile.com\/?page_id=362"},{"@type":"ListItem","position":3,"name":"Pause Douceur"}]},{"@type":"WebSite","@id":"https:\/\/gift-and-smile.com\/#website","url":"https:\/\/gift-and-smile.com\/","name":"Gift and smile","description":"Donner du sourire","publisher":{"@id":"https:\/\/gift-and-smile.com\/#organization"},"potentialAction":[{"@type":"SearchAction","target":{"@type":"EntryPoint","urlTemplate":"https:\/\/gift-and-smile.com\/?s={search_term_string}"},"query-input":{"@type":"PropertyValueSpecification","valueRequired":true,"valueName":"search_term_string"}}],"inLanguage":"fr-FR"},{"@type":"Organization","@id":"https:\/\/gift-and-smile.com\/#organization","name":"Gift and smile","url":"https:\/\/gift-and-smile.com\/","logo":{"@type":"ImageObject","inLanguage":"fr-FR","@id":"https:\/\/gift-and-smile.com\/#\/schema\/logo\/image\/","url":"https:\/\/gift-and-smile.com\/wp-content\/uploads\/2025\/05\/cropped-logo1.jpg","contentUrl":"https:\/\/gift-and-smile.com\/wp-content\/uploads\/2025\/05\/cropped-logo1.jpg","width":1078,"height":720,"caption":"Gift and smile"},"image":{"@id":"https:\/\/gift-and-smile.com\/#\/schema\/logo\/image\/"}}]}},"_links":{"self":[{"href":"https:\/\/gift-and-smile.com\/index.php?rest_route=\/wp\/v2\/product\/1263","targetHints":{"allow":["GET"]}}],"collection":[{"href":"https:\/\/gift-and-smile.com\/index.php?rest_route=\/wp\/v2\/product"}],"about":[{"href":"https:\/\/gift-and-smile.com\/index.php?rest_route=\/wp\/v2\/types\/product"}],"replies":[{"embeddable":true,"href":"https:\/\/gift-and-smile.com\/index.php?rest_route=%2Fwp%2Fv2%2Fcomments&post=1263"}],"wp:featuredmedia":[{"embeddable":true,"href":"https:\/\/gift-and-smile.com\/index.php?rest_route=\/wp\/v2\/media\/1264"}],"wp:attachment":[{"href":"https:\/\/gift-and-smile.com\/index.php?rest_route=%2Fwp%2Fv2%2Fmedia&parent=1263"}],"wp:term":[{"taxonomy":"product_brand","embeddable":true,"href":"https:\/\/gift-and-smile.com\/index.php?rest_route=%2Fwp%2Fv2%2Fproduct_brand&post=1263"},{"taxonomy":"product_cat","embeddable":true,"href":"https:\/\/gift-and-smile.com\/index.php?rest_route=%2Fwp%2Fv2%2Fproduct_cat&post=1263"},{"taxonomy":"product_tag","embeddable":true,"href":"https:\/\/gift-and-smile.com\/index.php?rest_route=%2Fwp%2Fv2%2Fproduct_tag&post=1263"}],"curies":[{"name":"wp","href":"https:\/\/api.w.org\/{rel}","templated":true}]}}