{"id":1261,"date":"2025-05-24T05:44:29","date_gmt":"2025-05-24T03:44:29","guid":{"rendered":"https:\/\/gift-and-smile.com\/?post_type=product&#038;p=1261"},"modified":"2025-05-24T05:44:30","modified_gmt":"2025-05-24T03:44:30","slug":"matin-gourmand","status":"publish","type":"product","link":"https:\/\/gift-and-smile.com\/?product=matin-gourmand","title":{"rendered":"Matin Gourmand"},"content":{"rendered":"<p><strong>Description du produit<\/strong> : Un assortiment g\u00e9n\u00e9reux de viennoiseries fra\u00eeches, pancakes moelleux, fruits de saison et boissons revitalisantes. Accompagn\u00e9 de confitures artisanales et d\u2019un granola croquant<\/p>\n","protected":false},"excerpt":{"rendered":"<p>Un brunch gourmand et \u00e9quilibr\u00e9 pour bien d\u00e9marrer la journ\u00e9e<\/p>\n","protected":false},"featured_media":1262,"comment_status":"closed","ping_status":"closed","template":"","meta":{"site-sidebar-layout":"default","site-content-layout":"","ast-site-content-layout":"default","site-content-style":"default","site-sidebar-style":"default","ast-global-header-display":"","ast-banner-title-visibility":"","ast-main-header-display":"","ast-hfb-above-header-display":"","ast-hfb-below-header-display":"","ast-hfb-mobile-header-display":"","site-post-title":"","ast-breadcrumbs-content":"","ast-featured-img":"","footer-sml-layout":"","ast-disable-related-posts":"","theme-transparent-header-meta":"default","adv-header-id-meta":"","stick-header-meta":"","header-above-stick-meta":"","header-main-stick-meta":"","header-below-stick-meta":"","astra-migrate-meta-layouts":"set","ast-page-background-enabled":"default","ast-page-background-meta":{"desktop":{"background-color":"var(--ast-global-color-5)","background-image":"","background-repeat":"repeat","background-position":"center center","background-size":"auto","background-attachment":"scroll","background-type":"","background-media":"","overlay-type":"","overlay-color":"","overlay-opacity":"","overlay-gradient":""},"tablet":{"background-color":"","background-image":"","background-repeat":"repeat","background-position":"center center","background-size":"auto","background-attachment":"scroll","background-type":"","background-media":"","overlay-type":"","overlay-color":"","overlay-opacity":"","overlay-gradient":""},"mobile":{"background-color":"","background-image":"","background-repeat":"repeat","background-position":"center center","background-size":"auto","background-attachment":"scroll","background-type":"","background-media":"","overlay-type":"","overlay-color":"","overlay-opacity":"","overlay-gradient":""}},"ast-content-background-meta":{"desktop":{"background-color":"var(--ast-global-color-4)","background-image":"","background-repeat":"repeat","background-position":"center center","background-size":"auto","background-attachment":"scroll","background-type":"","background-media":"","overlay-type":"","overlay-color":"","overlay-opacity":"","overlay-gradient":""},"tablet":{"background-color":"var(--ast-global-color-4)","background-image":"","background-repeat":"repeat","background-position":"center center","background-size":"auto","background-attachment":"scroll","background-type":"","background-media":"","overlay-type":"","overlay-color":"","overlay-opacity":"","overlay-gradient":""},"mobile":{"background-color":"var(--ast-global-color-4)","background-image":"","background-repeat":"repeat","background-position":"center center","background-size":"auto","background-attachment":"scroll","background-type":"","background-media":"","overlay-type":"","overlay-color":"","overlay-opacity":"","overlay-gradient":""}}},"product_brand":[],"product_cat":[39],"product_tag":[36,35,40],"class_list":{"0":"post-1261","1":"product","2":"type-product","3":"status-publish","4":"has-post-thumbnail","6":"product_cat-brunch-boxes","7":"product_tag-aniversaires","8":"product_tag-evenements","9":"product_tag-surprises","10":"desktop-align-left","11":"tablet-align-left","12":"mobile-align-left","14":"first","15":"instock","16":"taxable","17":"shipping-taxable","18":"purchasable","19":"product-type-simple"},"yoast_head":"<!-- This site is optimized with the Yoast SEO plugin v26.7 - https:\/\/yoast.com\/wordpress\/plugins\/seo\/ -->\n<title>Matin Gourmand - Gift and smile<\/title>\n<meta name=\"robots\" content=\"index, follow, max-snippet:-1, max-image-preview:large, max-video-preview:-1\" \/>\n<link rel=\"canonical\" href=\"https:\/\/gift-and-smile.com\/?product=matin-gourmand\" \/>\n<meta property=\"og:locale\" content=\"fr_FR\" \/>\n<meta property=\"og:type\" content=\"article\" \/>\n<meta property=\"og:title\" content=\"Matin Gourmand - Gift and smile\" \/>\n<meta property=\"og:description\" content=\"Un brunch gourmand et \u00e9quilibr\u00e9 pour bien d\u00e9marrer la journ\u00e9e\" \/>\n<meta property=\"og:url\" content=\"https:\/\/gift-and-smile.com\/?product=matin-gourmand\" \/>\n<meta property=\"og:site_name\" content=\"Gift and smile\" \/>\n<meta property=\"article:modified_time\" content=\"2025-05-24T03:44:30+00:00\" \/>\n<meta property=\"og:image\" content=\"https:\/\/gift-and-smile.com\/wp-content\/uploads\/2025\/05\/2002.jpg\" \/>\n\t<meta property=\"og:image:width\" content=\"512\" \/>\n\t<meta property=\"og:image:height\" content=\"512\" \/>\n\t<meta property=\"og:image:type\" content=\"image\/jpeg\" \/>\n<meta name=\"twitter:card\" content=\"summary_large_image\" \/>\n<script type=\"application\/ld+json\" class=\"yoast-schema-graph\">{\"@context\":\"https:\/\/schema.org\",\"@graph\":[{\"@type\":\"WebPage\",\"@id\":\"https:\/\/gift-and-smile.com\/?product=matin-gourmand\",\"url\":\"https:\/\/gift-and-smile.com\/?product=matin-gourmand\",\"name\":\"Matin Gourmand - Gift and smile\",\"isPartOf\":{\"@id\":\"https:\/\/gift-and-smile.com\/#website\"},\"primaryImageOfPage\":{\"@id\":\"https:\/\/gift-and-smile.com\/?product=matin-gourmand#primaryimage\"},\"image\":{\"@id\":\"https:\/\/gift-and-smile.com\/?product=matin-gourmand#primaryimage\"},\"thumbnailUrl\":\"https:\/\/gift-and-smile.com\/wp-content\/uploads\/2025\/05\/2002.jpg\",\"datePublished\":\"2025-05-24T03:44:29+00:00\",\"dateModified\":\"2025-05-24T03:44:30+00:00\",\"breadcrumb\":{\"@id\":\"https:\/\/gift-and-smile.com\/?product=matin-gourmand#breadcrumb\"},\"inLanguage\":\"fr-FR\",\"potentialAction\":[{\"@type\":\"ReadAction\",\"target\":[\"https:\/\/gift-and-smile.com\/?product=matin-gourmand\"]}]},{\"@type\":\"ImageObject\",\"inLanguage\":\"fr-FR\",\"@id\":\"https:\/\/gift-and-smile.com\/?product=matin-gourmand#primaryimage\",\"url\":\"https:\/\/gift-and-smile.com\/wp-content\/uploads\/2025\/05\/2002.jpg\",\"contentUrl\":\"https:\/\/gift-and-smile.com\/wp-content\/uploads\/2025\/05\/2002.jpg\",\"width\":512,\"height\":512},{\"@type\":\"BreadcrumbList\",\"@id\":\"https:\/\/gift-and-smile.com\/?product=matin-gourmand#breadcrumb\",\"itemListElement\":[{\"@type\":\"ListItem\",\"position\":1,\"name\":\"Accueil\",\"item\":\"https:\/\/gift-and-smile.com\/\"},{\"@type\":\"ListItem\",\"position\":2,\"name\":\"Boutique\",\"item\":\"https:\/\/gift-and-smile.com\/?page_id=362\"},{\"@type\":\"ListItem\",\"position\":3,\"name\":\"Matin Gourmand\"}]},{\"@type\":\"WebSite\",\"@id\":\"https:\/\/gift-and-smile.com\/#website\",\"url\":\"https:\/\/gift-and-smile.com\/\",\"name\":\"Gift and smile\",\"description\":\"Donner du sourire\",\"publisher\":{\"@id\":\"https:\/\/gift-and-smile.com\/#organization\"},\"potentialAction\":[{\"@type\":\"SearchAction\",\"target\":{\"@type\":\"EntryPoint\",\"urlTemplate\":\"https:\/\/gift-and-smile.com\/?s={search_term_string}\"},\"query-input\":{\"@type\":\"PropertyValueSpecification\",\"valueRequired\":true,\"valueName\":\"search_term_string\"}}],\"inLanguage\":\"fr-FR\"},{\"@type\":\"Organization\",\"@id\":\"https:\/\/gift-and-smile.com\/#organization\",\"name\":\"Gift and smile\",\"url\":\"https:\/\/gift-and-smile.com\/\",\"logo\":{\"@type\":\"ImageObject\",\"inLanguage\":\"fr-FR\",\"@id\":\"https:\/\/gift-and-smile.com\/#\/schema\/logo\/image\/\",\"url\":\"https:\/\/gift-and-smile.com\/wp-content\/uploads\/2025\/05\/cropped-logo1.jpg\",\"contentUrl\":\"https:\/\/gift-and-smile.com\/wp-content\/uploads\/2025\/05\/cropped-logo1.jpg\",\"width\":1078,\"height\":720,\"caption\":\"Gift and smile\"},\"image\":{\"@id\":\"https:\/\/gift-and-smile.com\/#\/schema\/logo\/image\/\"}}]}<\/script>\n<!-- \/ Yoast SEO plugin. -->","yoast_head_json":{"title":"Matin Gourmand - Gift and smile","robots":{"index":"index","follow":"follow","max-snippet":"max-snippet:-1","max-image-preview":"max-image-preview:large","max-video-preview":"max-video-preview:-1"},"canonical":"https:\/\/gift-and-smile.com\/?product=matin-gourmand","og_locale":"fr_FR","og_type":"article","og_title":"Matin Gourmand - Gift and smile","og_description":"Un brunch gourmand et \u00e9quilibr\u00e9 pour bien d\u00e9marrer la journ\u00e9e","og_url":"https:\/\/gift-and-smile.com\/?product=matin-gourmand","og_site_name":"Gift and smile","article_modified_time":"2025-05-24T03:44:30+00:00","og_image":[{"width":512,"height":512,"url":"https:\/\/gift-and-smile.com\/wp-content\/uploads\/2025\/05\/2002.jpg","type":"image\/jpeg"}],"twitter_card":"summary_large_image","schema":{"@context":"https:\/\/schema.org","@graph":[{"@type":"WebPage","@id":"https:\/\/gift-and-smile.com\/?product=matin-gourmand","url":"https:\/\/gift-and-smile.com\/?product=matin-gourmand","name":"Matin Gourmand - Gift and smile","isPartOf":{"@id":"https:\/\/gift-and-smile.com\/#website"},"primaryImageOfPage":{"@id":"https:\/\/gift-and-smile.com\/?product=matin-gourmand#primaryimage"},"image":{"@id":"https:\/\/gift-and-smile.com\/?product=matin-gourmand#primaryimage"},"thumbnailUrl":"https:\/\/gift-and-smile.com\/wp-content\/uploads\/2025\/05\/2002.jpg","datePublished":"2025-05-24T03:44:29+00:00","dateModified":"2025-05-24T03:44:30+00:00","breadcrumb":{"@id":"https:\/\/gift-and-smile.com\/?product=matin-gourmand#breadcrumb"},"inLanguage":"fr-FR","potentialAction":[{"@type":"ReadAction","target":["https:\/\/gift-and-smile.com\/?product=matin-gourmand"]}]},{"@type":"ImageObject","inLanguage":"fr-FR","@id":"https:\/\/gift-and-smile.com\/?product=matin-gourmand#primaryimage","url":"https:\/\/gift-and-smile.com\/wp-content\/uploads\/2025\/05\/2002.jpg","contentUrl":"https:\/\/gift-and-smile.com\/wp-content\/uploads\/2025\/05\/2002.jpg","width":512,"height":512},{"@type":"BreadcrumbList","@id":"https:\/\/gift-and-smile.com\/?product=matin-gourmand#breadcrumb","itemListElement":[{"@type":"ListItem","position":1,"name":"Accueil","item":"https:\/\/gift-and-smile.com\/"},{"@type":"ListItem","position":2,"name":"Boutique","item":"https:\/\/gift-and-smile.com\/?page_id=362"},{"@type":"ListItem","position":3,"name":"Matin Gourmand"}]},{"@type":"WebSite","@id":"https:\/\/gift-and-smile.com\/#website","url":"https:\/\/gift-and-smile.com\/","name":"Gift and smile","description":"Donner du sourire","publisher":{"@id":"https:\/\/gift-and-smile.com\/#organization"},"potentialAction":[{"@type":"SearchAction","target":{"@type":"EntryPoint","urlTemplate":"https:\/\/gift-and-smile.com\/?s={search_term_string}"},"query-input":{"@type":"PropertyValueSpecification","valueRequired":true,"valueName":"search_term_string"}}],"inLanguage":"fr-FR"},{"@type":"Organization","@id":"https:\/\/gift-and-smile.com\/#organization","name":"Gift and smile","url":"https:\/\/gift-and-smile.com\/","logo":{"@type":"ImageObject","inLanguage":"fr-FR","@id":"https:\/\/gift-and-smile.com\/#\/schema\/logo\/image\/","url":"https:\/\/gift-and-smile.com\/wp-content\/uploads\/2025\/05\/cropped-logo1.jpg","contentUrl":"https:\/\/gift-and-smile.com\/wp-content\/uploads\/2025\/05\/cropped-logo1.jpg","width":1078,"height":720,"caption":"Gift and smile"},"image":{"@id":"https:\/\/gift-and-smile.com\/#\/schema\/logo\/image\/"}}]}},"_links":{"self":[{"href":"https:\/\/gift-and-smile.com\/index.php?rest_route=\/wp\/v2\/product\/1261","targetHints":{"allow":["GET"]}}],"collection":[{"href":"https:\/\/gift-and-smile.com\/index.php?rest_route=\/wp\/v2\/product"}],"about":[{"href":"https:\/\/gift-and-smile.com\/index.php?rest_route=\/wp\/v2\/types\/product"}],"replies":[{"embeddable":true,"href":"https:\/\/gift-and-smile.com\/index.php?rest_route=%2Fwp%2Fv2%2Fcomments&post=1261"}],"wp:featuredmedia":[{"embeddable":true,"href":"https:\/\/gift-and-smile.com\/index.php?rest_route=\/wp\/v2\/media\/1262"}],"wp:attachment":[{"href":"https:\/\/gift-and-smile.com\/index.php?rest_route=%2Fwp%2Fv2%2Fmedia&parent=1261"}],"wp:term":[{"taxonomy":"product_brand","embeddable":true,"href":"https:\/\/gift-and-smile.com\/index.php?rest_route=%2Fwp%2Fv2%2Fproduct_brand&post=1261"},{"taxonomy":"product_cat","embeddable":true,"href":"https:\/\/gift-and-smile.com\/index.php?rest_route=%2Fwp%2Fv2%2Fproduct_cat&post=1261"},{"taxonomy":"product_tag","embeddable":true,"href":"https:\/\/gift-and-smile.com\/index.php?rest_route=%2Fwp%2Fv2%2Fproduct_tag&post=1261"}],"curies":[{"name":"wp","href":"https:\/\/api.w.org\/{rel}","templated":true}]}}