{"id":366,"date":"2025-05-19T13:34:59","date_gmt":"2025-05-19T11:34:59","guid":{"rendered":"http:\/\/localhost\/wordpress\/?page_id=366"},"modified":"2025-09-06T17:42:40","modified_gmt":"2025-09-06T15:42:40","slug":"remboursements_retours","status":"publish","type":"page","link":"https:\/\/gift-and-smile.com\/?page_id=366","title":{"rendered":"Politique De Confidentialit\u00e9"},"content":{"rendered":"\n<p><\/p>\n\n\n\n<h2 class=\"wp-block-heading\">Chez Gift And Smile<\/h2>\n\n\n\n<p>Politique de Confidentialit\u00e9 &amp; Mentions L\u00e9gales<\/p>\n\n\n\n<p>Derni\u00e8re mise \u00e0 jour : 6 Septembre 2025<\/p>\n\n\n\n<ol class=\"wp-block-list\">\n<li>Pr\u00e9sentation du site<\/li>\n<\/ol>\n\n\n\n<p>Le pr\u00e9sent site, accessible \u00e0 l\u2019adresse www.gift-and-smile.com, est \u00e9dit\u00e9 par GIFT &amp; SMILE, entreprise sp\u00e9cialis\u00e9e dans les services \u00e9v\u00e9nementiels, cadeaux personnalis\u00e9s et animations.<\/p>\n\n\n\n<p>Responsable de la publication : [C\u00e9dric ONANA]<br>Adresse : [DLA KOTTO]<br>T\u00e9l\u00e9phone : [695352615]<br>Email : smile@gift-and-smile.com<br><\/p>\n\n\n\n<hr class=\"wp-block-separator has-alpha-channel-opacity\"\/>\n\n\n\n<ol start=\"2\" class=\"wp-block-list\">\n<li>Donn\u00e9es personnelles collect\u00e9es<\/li>\n<\/ol>\n\n\n\n<p>Nous collectons uniquement les donn\u00e9es n\u00e9cessaires \u00e0 nos prestations : nom, pr\u00e9nom, adresse, email, t\u00e9l\u00e9phone, adresse de livraison, et donn\u00e9es de paiement (via une plateforme s\u00e9curis\u00e9e). Nous collectons aussi des informations de navigation via des cookies (adresse IP, type de navigateur, pages consult\u00e9es\u2026).<\/p>\n\n\n\n<hr class=\"wp-block-separator has-alpha-channel-opacity\"\/>\n\n\n\n<ol start=\"3\" class=\"wp-block-list\">\n<li>Finalit\u00e9 de la collecte<\/li>\n<\/ol>\n\n\n\n<p>Les donn\u00e9es personnelles sont utilis\u00e9es pour :<\/p>\n\n\n\n<p>Traiter vos commandes et assurer la livraison<\/p>\n\n\n\n<p>Vous contacter (email, t\u00e9l\u00e9phone)<\/p>\n\n\n\n<p>R\u00e9pondre \u00e0 vos demandes de service ou support<\/p>\n\n\n\n<p>Am\u00e9liorer l\u2019exp\u00e9rience utilisateur<\/p>\n\n\n\n<p>G\u00e9rer la s\u00e9curit\u00e9 et la performance du site<\/p>\n\n\n\n<p>Respecter les obligations l\u00e9gales<\/p>\n\n\n\n<hr class=\"wp-block-separator has-alpha-channel-opacity\"\/>\n\n\n\n<ol start=\"4\" class=\"wp-block-list\">\n<li>Confidentialit\u00e9 et s\u00e9curit\u00e9<\/li>\n<\/ol>\n\n\n\n<p>Vos donn\u00e9es ne sont jamais revendues. Elles sont stock\u00e9es en toute s\u00e9curit\u00e9 et accessibles uniquement \u00e0 notre \u00e9quipe et \u00e0 nos prestataires de confiance (ex : transporteurs, solution de paiement). Nous utilisons des protocoles s\u00e9curis\u00e9s (HTTPS\/SSL) et appliquons des mesures techniques rigoureuses pour \u00e9viter toute fuite ou piratage.<\/p>\n\n\n\n<hr class=\"wp-block-separator has-alpha-channel-opacity\"\/>\n\n\n\n<ol start=\"5\" class=\"wp-block-list\">\n<li>Cookies<\/li>\n<\/ol>\n\n\n\n<p>Le site utilise des cookies \u00e0 des fins fonctionnelles et statistiques. Vous pouvez refuser l\u2019installation de ces cookies via votre navigateur ou param\u00e9trer vos pr\u00e9f\u00e9rences via notre banni\u00e8re de consentement.<\/p>\n\n\n\n<hr class=\"wp-block-separator has-alpha-channel-opacity\"\/>\n\n\n\n<ol start=\"6\" class=\"wp-block-list\">\n<li>Vos droits<\/li>\n<\/ol>\n\n\n\n<p>Conform\u00e9ment au RGPD, vous disposez des droits suivants :<\/p>\n\n\n\n<p>Droit d\u2019acc\u00e8s \u00e0 vos donn\u00e9es<\/p>\n\n\n\n<p>Droit de rectification ou de suppression<\/p>\n\n\n\n<p>Droit d\u2019opposition ou de limitation du traitement<\/p>\n\n\n\n<p>Droit \u00e0 la portabilit\u00e9 de vos donn\u00e9es<\/p>\n\n\n\n<p>Vous pouvez exercer ces droits en nous \u00e9crivant \u00e0 : contact@gift-and-smile.com<\/p>\n\n\n\n<hr class=\"wp-block-separator has-alpha-channel-opacity\"\/>\n\n\n\n<ol start=\"7\" class=\"wp-block-list\">\n<li>Dur\u00e9e de conservation<\/li>\n<\/ol>\n\n\n\n<p>Les donn\u00e9es sont conserv\u00e9es pendant la dur\u00e9e n\u00e9cessaire \u00e0 la relation commerciale, puis archiv\u00e9es pendant la dur\u00e9e l\u00e9gale applicable (ex : 5 \u00e0 10 ans pour les factures).<\/p>\n\n\n\n<hr class=\"wp-block-separator has-alpha-channel-opacity\"\/>\n\n\n\n<ol start=\"8\" class=\"wp-block-list\">\n<li>Propri\u00e9t\u00e9 intellectuelle<\/li>\n<\/ol>\n\n\n\n<p>Tous les contenus pr\u00e9sents sur ce site (textes, images, logo, vid\u00e9os, etc.) sont la propri\u00e9t\u00e9 de GIFT &amp; SMILE, sauf mention contraire. Toute reproduction, m\u00eame partielle, est strictement interdite sans notre autorisation \u00e9crite.<\/p>\n\n\n\n<hr class=\"wp-block-separator has-alpha-channel-opacity\"\/>\n\n\n\n<ol start=\"9\" class=\"wp-block-list\">\n<li>Limitation de responsabilit\u00e9<\/li>\n<\/ol>\n\n\n\n<p>Nous faisons tout notre possible pour maintenir ce site \u00e0 jour et s\u00e9curis\u00e9. Toutefois, GIFT &amp; SMILE ne saurait \u00eatre tenu responsable d\u2019une mauvaise utilisation du site, d\u2019un bug technique ou d\u2019un acc\u00e8s non autoris\u00e9.<\/p>\n\n\n\n<hr class=\"wp-block-separator has-alpha-channel-opacity\"\/>\n\n\n\n<ol start=\"10\" class=\"wp-block-list\">\n<li>Loi applicable et juridiction<\/li>\n<\/ol>\n\n\n\n<p>Ce site est soumis au droit en vigueur dans le pays d\u2019\u00e9tablissement de GIFT &amp; SMILE. En cas de litige, les tribunaux comp\u00e9tents seront ceux du si\u00e8ge social de l\u2019entreprise, sauf disposition contraire.<\/p>\n","protected":false},"excerpt":{"rendered":"<p>Chez Gift And Smile Politique de Confidentialit\u00e9 &amp; Mentions L\u00e9gales Derni\u00e8re mise \u00e0 jour : 6 Septembre 2025 Le pr\u00e9sent [&hellip;]<\/p>\n","protected":false},"author":3,"featured_media":0,"parent":0,"menu_order":0,"comment_status":"closed","ping_status":"closed","template":"","meta":{"site-sidebar-layout":"default","site-content-layout":"","ast-site-content-layout":"default","site-content-style":"default","site-sidebar-style":"default","ast-global-header-display":"","ast-banner-title-visibility":"","ast-main-header-display":"","ast-hfb-above-header-display":"","ast-hfb-below-header-display":"","ast-hfb-mobile-header-display":"","site-post-title":"","ast-breadcrumbs-content":"","ast-featured-img":"","footer-sml-layout":"","ast-disable-related-posts":"","theme-transparent-header-meta":"","adv-header-id-meta":"","stick-header-meta":"","header-above-stick-meta":"","header-main-stick-meta":"","header-below-stick-meta":"","astra-migrate-meta-layouts":"default","ast-page-background-enabled":"default","ast-page-background-meta":{"desktop":{"background-color":"var(--ast-global-color-5)","background-image":"","background-repeat":"repeat","background-position":"center center","background-size":"auto","background-attachment":"scroll","background-type":"","background-media":"","overlay-type":"","overlay-color":"","overlay-opacity":"","overlay-gradient":""},"tablet":{"background-color":"","background-image":"","background-repeat":"repeat","background-position":"center center","background-size":"auto","background-attachment":"scroll","background-type":"","background-media":"","overlay-type":"","overlay-color":"","overlay-opacity":"","overlay-gradient":""},"mobile":{"background-color":"","background-image":"","background-repeat":"repeat","background-position":"center center","background-size":"auto","background-attachment":"scroll","background-type":"","background-media":"","overlay-type":"","overlay-color":"","overlay-opacity":"","overlay-gradient":""}},"ast-content-background-meta":{"desktop":{"background-color":"var(--ast-global-color-4)","background-image":"","background-repeat":"repeat","background-position":"center center","background-size":"auto","background-attachment":"scroll","background-type":"","background-media":"","overlay-type":"","overlay-color":"","overlay-opacity":"","overlay-gradient":""},"tablet":{"background-color":"var(--ast-global-color-4)","background-image":"","background-repeat":"repeat","background-position":"center center","background-size":"auto","background-attachment":"scroll","background-type":"","background-media":"","overlay-type":"","overlay-color":"","overlay-opacity":"","overlay-gradient":""},"mobile":{"background-color":"var(--ast-global-color-4)","background-image":"","background-repeat":"repeat","background-position":"center center","background-size":"auto","background-attachment":"scroll","background-type":"","background-media":"","overlay-type":"","overlay-color":"","overlay-opacity":"","overlay-gradient":""}},"footnotes":""},"class_list":["post-366","page","type-page","status-publish","hentry"],"yoast_head":"<!-- This site is optimized with the Yoast SEO plugin v26.7 - https:\/\/yoast.com\/wordpress\/plugins\/seo\/ -->\n<title>Politique De Confidentialit\u00e9 - Gift and smile<\/title>\n<meta name=\"robots\" content=\"index, follow, max-snippet:-1, max-image-preview:large, max-video-preview:-1\" \/>\n<link rel=\"canonical\" href=\"https:\/\/gift-and-smile.com\/?page_id=366\" \/>\n<meta property=\"og:locale\" content=\"fr_FR\" \/>\n<meta property=\"og:type\" content=\"article\" \/>\n<meta property=\"og:title\" content=\"Politique De Confidentialit\u00e9 - Gift and smile\" \/>\n<meta property=\"og:description\" content=\"Chez Gift And Smile Politique de Confidentialit\u00e9 &amp; Mentions L\u00e9gales Derni\u00e8re mise \u00e0 jour : 6 Septembre 2025 Le pr\u00e9sent [&hellip;]\" \/>\n<meta property=\"og:url\" content=\"https:\/\/gift-and-smile.com\/?page_id=366\" \/>\n<meta property=\"og:site_name\" content=\"Gift and smile\" \/>\n<meta property=\"article:modified_time\" content=\"2025-09-06T15:42:40+00:00\" \/>\n<meta name=\"twitter:card\" content=\"summary_large_image\" \/>\n<meta name=\"twitter:label1\" content=\"Dur\u00e9e de lecture estim\u00e9e\" \/>\n\t<meta name=\"twitter:data1\" content=\"3 minutes\" \/>\n<script type=\"application\/ld+json\" class=\"yoast-schema-graph\">{\"@context\":\"https:\/\/schema.org\",\"@graph\":[{\"@type\":\"WebPage\",\"@id\":\"https:\/\/gift-and-smile.com\/?page_id=366\",\"url\":\"https:\/\/gift-and-smile.com\/?page_id=366\",\"name\":\"Politique De Confidentialit\u00e9 - Gift and smile\",\"isPartOf\":{\"@id\":\"https:\/\/gift-and-smile.com\/#website\"},\"datePublished\":\"2025-05-19T11:34:59+00:00\",\"dateModified\":\"2025-09-06T15:42:40+00:00\",\"breadcrumb\":{\"@id\":\"https:\/\/gift-and-smile.com\/?page_id=366#breadcrumb\"},\"inLanguage\":\"fr-FR\",\"potentialAction\":[{\"@type\":\"ReadAction\",\"target\":[\"https:\/\/gift-and-smile.com\/?page_id=366\"]}]},{\"@type\":\"BreadcrumbList\",\"@id\":\"https:\/\/gift-and-smile.com\/?page_id=366#breadcrumb\",\"itemListElement\":[{\"@type\":\"ListItem\",\"position\":1,\"name\":\"Accueil\",\"item\":\"https:\/\/gift-and-smile.com\/\"},{\"@type\":\"ListItem\",\"position\":2,\"name\":\"Politique De Confidentialit\u00e9\"}]},{\"@type\":\"WebSite\",\"@id\":\"https:\/\/gift-and-smile.com\/#website\",\"url\":\"https:\/\/gift-and-smile.com\/\",\"name\":\"Gift and smile\",\"description\":\"Donner du sourire\",\"publisher\":{\"@id\":\"https:\/\/gift-and-smile.com\/#organization\"},\"potentialAction\":[{\"@type\":\"SearchAction\",\"target\":{\"@type\":\"EntryPoint\",\"urlTemplate\":\"https:\/\/gift-and-smile.com\/?s={search_term_string}\"},\"query-input\":{\"@type\":\"PropertyValueSpecification\",\"valueRequired\":true,\"valueName\":\"search_term_string\"}}],\"inLanguage\":\"fr-FR\"},{\"@type\":\"Organization\",\"@id\":\"https:\/\/gift-and-smile.com\/#organization\",\"name\":\"Gift and smile\",\"url\":\"https:\/\/gift-and-smile.com\/\",\"logo\":{\"@type\":\"ImageObject\",\"inLanguage\":\"fr-FR\",\"@id\":\"https:\/\/gift-and-smile.com\/#\/schema\/logo\/image\/\",\"url\":\"https:\/\/gift-and-smile.com\/wp-content\/uploads\/2025\/05\/cropped-logo1.jpg\",\"contentUrl\":\"https:\/\/gift-and-smile.com\/wp-content\/uploads\/2025\/05\/cropped-logo1.jpg\",\"width\":1078,\"height\":720,\"caption\":\"Gift and smile\"},\"image\":{\"@id\":\"https:\/\/gift-and-smile.com\/#\/schema\/logo\/image\/\"}}]}<\/script>\n<!-- \/ Yoast SEO plugin. -->","yoast_head_json":{"title":"Politique De Confidentialit\u00e9 - Gift and smile","robots":{"index":"index","follow":"follow","max-snippet":"max-snippet:-1","max-image-preview":"max-image-preview:large","max-video-preview":"max-video-preview:-1"},"canonical":"https:\/\/gift-and-smile.com\/?page_id=366","og_locale":"fr_FR","og_type":"article","og_title":"Politique De Confidentialit\u00e9 - Gift and smile","og_description":"Chez Gift And Smile Politique de Confidentialit\u00e9 &amp; Mentions L\u00e9gales Derni\u00e8re mise \u00e0 jour : 6 Septembre 2025 Le pr\u00e9sent [&hellip;]","og_url":"https:\/\/gift-and-smile.com\/?page_id=366","og_site_name":"Gift and smile","article_modified_time":"2025-09-06T15:42:40+00:00","twitter_card":"summary_large_image","twitter_misc":{"Dur\u00e9e de lecture estim\u00e9e":"3 minutes"},"schema":{"@context":"https:\/\/schema.org","@graph":[{"@type":"WebPage","@id":"https:\/\/gift-and-smile.com\/?page_id=366","url":"https:\/\/gift-and-smile.com\/?page_id=366","name":"Politique De Confidentialit\u00e9 - Gift and smile","isPartOf":{"@id":"https:\/\/gift-and-smile.com\/#website"},"datePublished":"2025-05-19T11:34:59+00:00","dateModified":"2025-09-06T15:42:40+00:00","breadcrumb":{"@id":"https:\/\/gift-and-smile.com\/?page_id=366#breadcrumb"},"inLanguage":"fr-FR","potentialAction":[{"@type":"ReadAction","target":["https:\/\/gift-and-smile.com\/?page_id=366"]}]},{"@type":"BreadcrumbList","@id":"https:\/\/gift-and-smile.com\/?page_id=366#breadcrumb","itemListElement":[{"@type":"ListItem","position":1,"name":"Accueil","item":"https:\/\/gift-and-smile.com\/"},{"@type":"ListItem","position":2,"name":"Politique De Confidentialit\u00e9"}]},{"@type":"WebSite","@id":"https:\/\/gift-and-smile.com\/#website","url":"https:\/\/gift-and-smile.com\/","name":"Gift and smile","description":"Donner du sourire","publisher":{"@id":"https:\/\/gift-and-smile.com\/#organization"},"potentialAction":[{"@type":"SearchAction","target":{"@type":"EntryPoint","urlTemplate":"https:\/\/gift-and-smile.com\/?s={search_term_string}"},"query-input":{"@type":"PropertyValueSpecification","valueRequired":true,"valueName":"search_term_string"}}],"inLanguage":"fr-FR"},{"@type":"Organization","@id":"https:\/\/gift-and-smile.com\/#organization","name":"Gift and smile","url":"https:\/\/gift-and-smile.com\/","logo":{"@type":"ImageObject","inLanguage":"fr-FR","@id":"https:\/\/gift-and-smile.com\/#\/schema\/logo\/image\/","url":"https:\/\/gift-and-smile.com\/wp-content\/uploads\/2025\/05\/cropped-logo1.jpg","contentUrl":"https:\/\/gift-and-smile.com\/wp-content\/uploads\/2025\/05\/cropped-logo1.jpg","width":1078,"height":720,"caption":"Gift and smile"},"image":{"@id":"https:\/\/gift-and-smile.com\/#\/schema\/logo\/image\/"}}]}},"_links":{"self":[{"href":"https:\/\/gift-and-smile.com\/index.php?rest_route=\/wp\/v2\/pages\/366","targetHints":{"allow":["GET"]}}],"collection":[{"href":"https:\/\/gift-and-smile.com\/index.php?rest_route=\/wp\/v2\/pages"}],"about":[{"href":"https:\/\/gift-and-smile.com\/index.php?rest_route=\/wp\/v2\/types\/page"}],"author":[{"embeddable":true,"href":"https:\/\/gift-and-smile.com\/index.php?rest_route=\/wp\/v2\/users\/3"}],"replies":[{"embeddable":true,"href":"https:\/\/gift-and-smile.com\/index.php?rest_route=%2Fwp%2Fv2%2Fcomments&post=366"}],"version-history":[{"count":5,"href":"https:\/\/gift-and-smile.com\/index.php?rest_route=\/wp\/v2\/pages\/366\/revisions"}],"predecessor-version":[{"id":1685,"href":"https:\/\/gift-and-smile.com\/index.php?rest_route=\/wp\/v2\/pages\/366\/revisions\/1685"}],"wp:attachment":[{"href":"https:\/\/gift-and-smile.com\/index.php?rest_route=%2Fwp%2Fv2%2Fmedia&parent=366"}],"curies":[{"name":"wp","href":"https:\/\/api.w.org\/{rel}","templated":true}]}}