{"id":143,"date":"2025-05-13T17:06:58","date_gmt":"2025-05-13T15:06:58","guid":{"rendered":"http:\/\/localhost\/wordpress\/?page_id=143"},"modified":"2025-09-05T18:36:24","modified_gmt":"2025-09-05T16:36:24","slug":"a-propos","status":"publish","type":"page","link":"https:\/\/gift-and-smile.com\/?page_id=143","title":{"rendered":"A propos"},"content":{"rendered":"\t\t<div data-elementor-type=\"wp-page\" data-elementor-id=\"143\" class=\"elementor elementor-143\">\n\t\t\t\t<div class=\"elementor-element elementor-element-xkkojx7 e-flex e-con-boxed e-con e-parent\" data-id=\"xkkojx7\" data-element_type=\"container\" data-e-type=\"container\" data-settings=\"{&quot;background_background&quot;:&quot;classic&quot;}\">\n\t\t\t\t\t<div class=\"e-con-inner\">\n\t\t<div class=\"elementor-element elementor-element-d21b7e0 e-flex e-con-boxed e-con e-child\" data-id=\"d21b7e0\" data-element_type=\"container\" data-e-type=\"container\">\n\t\t\t\t\t<div class=\"e-con-inner\">\n\t\t\t\t<div class=\"elementor-element elementor-element-e9fd9dc elementor-invisible elementor-widget elementor-widget-heading\" data-id=\"e9fd9dc\" data-element_type=\"widget\" data-e-type=\"widget\" data-settings=\"{&quot;_animation&quot;:&quot;zoomInUp&quot;,&quot;_animation_delay&quot;:500}\" data-widget_type=\"heading.default\">\n\t\t\t\t<div class=\"elementor-widget-container\">\n\t\t\t\t\t<h1 class=\"elementor-heading-title elementor-size-default\">A propos  de nous <\/h1>\t\t\t\t<\/div>\n\t\t\t\t<\/div>\n\t\t\t\t\t<\/div>\n\t\t\t\t<\/div>\n\t\t\t\t\t<\/div>\n\t\t\t\t<\/div>\n\t\t<div class=\"elementor-element elementor-element-x256w2a e-flex e-con-boxed e-con e-parent\" data-id=\"x256w2a\" data-element_type=\"container\" data-e-type=\"container\">\n\t\t\t\t\t<div class=\"e-con-inner\">\n\t\t<div class=\"elementor-element elementor-element-7dbc6fb e-con-full e-flex e-con e-child\" data-id=\"7dbc6fb\" data-element_type=\"container\" data-e-type=\"container\">\n\t\t\t\t<div class=\"elementor-element elementor-element-6658dc9 elementor-widget elementor-widget-heading\" data-id=\"6658dc9\" data-element_type=\"widget\" data-e-type=\"widget\" data-widget_type=\"heading.default\">\n\t\t\t\t<div class=\"elementor-widget-container\">\n\t\t\t\t\t<h4 class=\"elementor-heading-title elementor-size-default\">Le projet Gift and Smile est n\u00e9 de l'id\u00e9e d'apporter du bonheur \u00e0 travers des cadeaux soigneusement s\u00e9lectionn\u00e9s et personnalis\u00e9s. Avec une passion pour les surprises et les moments m\u00e9morables, il s'est d\u00e9velopp\u00e9 pour offrir des exp\u00e9riences uniques qui cr\u00e9ent des sourires et des souvenirs inoubliables.<\/h4>\t\t\t\t<\/div>\n\t\t\t\t<\/div>\n\t\t\t\t<div class=\"elementor-element elementor-element-e9a8c1e elementor-widget elementor-widget-image\" data-id=\"e9a8c1e\" data-element_type=\"widget\" data-e-type=\"widget\" data-widget_type=\"image.default\">\n\t\t\t\t<div class=\"elementor-widget-container\">\n\t\t\t\t\t\t\t\t\t\t\t\t\t\t\t<img fetchpriority=\"high\" decoding=\"async\" width=\"2560\" height=\"1707\" src=\"https:\/\/gift-and-smile.com\/wp-content\/uploads\/2025\/05\/femme-celebrant-avec-une-coupe-de-champagne-et-presente-scaled.jpg\" class=\"attachment-full size-full wp-image-622\" alt=\"\" srcset=\"https:\/\/gift-and-smile.com\/wp-content\/uploads\/2025\/05\/femme-celebrant-avec-une-coupe-de-champagne-et-presente-scaled.jpg 2560w, https:\/\/gift-and-smile.com\/wp-content\/uploads\/2025\/05\/femme-celebrant-avec-une-coupe-de-champagne-et-presente-300x200.jpg 300w, https:\/\/gift-and-smile.com\/wp-content\/uploads\/2025\/05\/femme-celebrant-avec-une-coupe-de-champagne-et-presente-1024x683.jpg 1024w, https:\/\/gift-and-smile.com\/wp-content\/uploads\/2025\/05\/femme-celebrant-avec-une-coupe-de-champagne-et-presente-768x512.jpg 768w, https:\/\/gift-and-smile.com\/wp-content\/uploads\/2025\/05\/femme-celebrant-avec-une-coupe-de-champagne-et-presente-1536x1024.jpg 1536w, https:\/\/gift-and-smile.com\/wp-content\/uploads\/2025\/05\/femme-celebrant-avec-une-coupe-de-champagne-et-presente-2048x1365.jpg 2048w, https:\/\/gift-and-smile.com\/wp-content\/uploads\/2025\/05\/femme-celebrant-avec-une-coupe-de-champagne-et-presente-24x16.jpg 24w, https:\/\/gift-and-smile.com\/wp-content\/uploads\/2025\/05\/femme-celebrant-avec-une-coupe-de-champagne-et-presente-36x24.jpg 36w, https:\/\/gift-and-smile.com\/wp-content\/uploads\/2025\/05\/femme-celebrant-avec-une-coupe-de-champagne-et-presente-48x32.jpg 48w, https:\/\/gift-and-smile.com\/wp-content\/uploads\/2025\/05\/femme-celebrant-avec-une-coupe-de-champagne-et-presente-600x400.jpg 600w\" sizes=\"(max-width: 2560px) 100vw, 2560px\" \/>\t\t\t\t\t\t\t\t\t\t\t\t\t\t\t<\/div>\n\t\t\t\t<\/div>\n\t\t<div class=\"elementor-element elementor-element-51b695b e-flex e-con-boxed e-con e-child\" data-id=\"51b695b\" data-element_type=\"container\" data-e-type=\"container\">\n\t\t\t\t\t<div class=\"e-con-inner\">\n\t\t<div class=\"elementor-element elementor-element-bda37a0 e-flex e-con-boxed e-con e-child\" data-id=\"bda37a0\" data-element_type=\"container\" data-e-type=\"container\">\n\t\t\t\t\t<div class=\"e-con-inner\">\n\t\t\t\t<div class=\"elementor-element elementor-element-6d20ef0 elementor-widget elementor-widget-heading\" data-id=\"6d20ef0\" data-element_type=\"widget\" data-e-type=\"widget\" data-widget_type=\"heading.default\">\n\t\t\t\t<div class=\"elementor-widget-container\">\n\t\t\t\t\t<h3 class=\"elementor-heading-title elementor-size-default\">Nos missions <\/h3>\t\t\t\t<\/div>\n\t\t\t\t<\/div>\n\t\t\t\t<div class=\"elementor-element elementor-element-91bab08 elementor-widget elementor-widget-text-editor\" data-id=\"91bab08\" data-element_type=\"widget\" data-e-type=\"widget\" data-widget_type=\"text-editor.default\">\n\t\t\t\t<div class=\"elementor-widget-container\">\n\t\t\t\t\t\t\t\t\t<p>Les principales missions de <strong>Gift and Smile<\/strong> sont d\u2019offrir des cadeaux uniques et personnalis\u00e9s qui cr\u00e9ent des \u00e9motions et des souvenirs inoubliables. \u00c0 travers ses paniers surprises, brunchs box et bouquets d\u2019argent, la marque transforme chaque pr\u00e9sent en une v\u00e9ritable exp\u00e9rience de bonheur. <\/p>\t\t\t\t\t\t\t\t<\/div>\n\t\t\t\t<\/div>\n\t\t\t\t\t<\/div>\n\t\t\t\t<\/div>\n\t\t<div class=\"elementor-element elementor-element-8c3d36e e-flex e-con-boxed e-con e-child\" data-id=\"8c3d36e\" data-element_type=\"container\" data-e-type=\"container\">\n\t\t\t\t\t<div class=\"e-con-inner\">\n\t\t\t\t<div class=\"elementor-element elementor-element-2061947 elementor-widget elementor-widget-heading\" data-id=\"2061947\" data-element_type=\"widget\" data-e-type=\"widget\" data-widget_type=\"heading.default\">\n\t\t\t\t<div class=\"elementor-widget-container\">\n\t\t\t\t\t<h3 class=\"elementor-heading-title elementor-size-default\">Nos valeurs<\/h3>\t\t\t\t<\/div>\n\t\t\t\t<\/div>\n\t\t\t\t<div class=\"elementor-element elementor-element-d19c62f elementor-widget elementor-widget-text-editor\" data-id=\"d19c62f\" data-element_type=\"widget\" data-e-type=\"widget\" data-widget_type=\"text-editor.default\">\n\t\t\t\t<div class=\"elementor-widget-container\">\n\t\t\t\t\t\t\t\t\t<p>Les valeurs de <strong>Gift and Smile<\/strong> reposent sur la g\u00e9n\u00e9rosit\u00e9, la qualit\u00e9 et l\u2019attention port\u00e9e aux d\u00e9tails. Chaque cadeau est con\u00e7u avec soin pour apporter joie et surprise, en mettant l\u2019humain et l\u2019\u00e9motion au c\u0153ur de chaque cr\u00e9ation. \ud83d\ude0a\ud83d\udc96<\/p>\t\t\t\t\t\t\t\t<\/div>\n\t\t\t\t<\/div>\n\t\t\t\t\t<\/div>\n\t\t\t\t<\/div>\n\t\t\t\t\t<\/div>\n\t\t\t\t<\/div>\n\t\t\t\t<\/div>\n\t\t\t\t\t<\/div>\n\t\t\t\t<\/div>\n\t\t<div class=\"elementor-element elementor-element-pxy4dgf e-flex e-con-boxed e-con e-parent\" data-id=\"pxy4dgf\" data-element_type=\"container\" data-e-type=\"container\" data-settings=\"{&quot;background_background&quot;:&quot;classic&quot;}\">\n\t\t\t\t\t<div class=\"e-con-inner\">\n\t\t<div class=\"elementor-element elementor-element-920e714 e-con-full e-flex e-con e-child\" data-id=\"920e714\" data-element_type=\"container\" data-e-type=\"container\">\n\t\t\t\t<\/div>\n\t\t<div class=\"elementor-element elementor-element-94092f7 e-con-full e-flex e-con e-child\" data-id=\"94092f7\" data-element_type=\"container\" data-e-type=\"container\">\n\t\t\t\t<div class=\"elementor-element elementor-element-aad1e15 elementor-widget elementor-widget-image\" data-id=\"aad1e15\" data-element_type=\"widget\" data-e-type=\"widget\" data-widget_type=\"image.default\">\n\t\t\t\t<div class=\"elementor-widget-container\">\n\t\t\t\t\t\t\t\t\t\t\t\t\t\t\t<img decoding=\"async\" width=\"839\" height=\"1080\" src=\"https:\/\/gift-and-smile.com\/wp-content\/uploads\/2025\/05\/WhatsApp-Image-2024-12-01-at-19.31.38_05fce669.jpg\" class=\"attachment-full size-full wp-image-629\" alt=\"\" srcset=\"https:\/\/gift-and-smile.com\/wp-content\/uploads\/2025\/05\/WhatsApp-Image-2024-12-01-at-19.31.38_05fce669.jpg 839w, https:\/\/gift-and-smile.com\/wp-content\/uploads\/2025\/05\/WhatsApp-Image-2024-12-01-at-19.31.38_05fce669-233x300.jpg 233w, https:\/\/gift-and-smile.com\/wp-content\/uploads\/2025\/05\/WhatsApp-Image-2024-12-01-at-19.31.38_05fce669-795x1024.jpg 795w, https:\/\/gift-and-smile.com\/wp-content\/uploads\/2025\/05\/WhatsApp-Image-2024-12-01-at-19.31.38_05fce669-768x989.jpg 768w, https:\/\/gift-and-smile.com\/wp-content\/uploads\/2025\/05\/WhatsApp-Image-2024-12-01-at-19.31.38_05fce669-19x24.jpg 19w, https:\/\/gift-and-smile.com\/wp-content\/uploads\/2025\/05\/WhatsApp-Image-2024-12-01-at-19.31.38_05fce669-28x36.jpg 28w, https:\/\/gift-and-smile.com\/wp-content\/uploads\/2025\/05\/WhatsApp-Image-2024-12-01-at-19.31.38_05fce669-37x48.jpg 37w, https:\/\/gift-and-smile.com\/wp-content\/uploads\/2025\/05\/WhatsApp-Image-2024-12-01-at-19.31.38_05fce669-600x772.jpg 600w\" sizes=\"(max-width: 839px) 100vw, 839px\" \/>\t\t\t\t\t\t\t\t\t\t\t\t\t\t\t<\/div>\n\t\t\t\t<\/div>\n\t\t\t\t<div class=\"elementor-element elementor-element-7f86a88 elementor-widget elementor-widget-heading\" data-id=\"7f86a88\" data-element_type=\"widget\" data-e-type=\"widget\" data-widget_type=\"heading.default\">\n\t\t\t\t<div class=\"elementor-widget-container\">\n\t\t\t\t\t<h4 class=\"elementor-heading-title elementor-size-default\">\"Le service de Gift and Smile est exceptionnel ! Mon panier cadeau est arriv\u00e9 rapidement et chaque d\u00e9tail \u00e9tait parfait. Une vraie exp\u00e9rience magique !\n\nJ\u2019ai ador\u00e9 la qualit\u00e9 et l\u2019attention port\u00e9e aux d\u00e9tails. Offrir un cadeau Gift and Smile, c\u2019est partager de la joie avec un vrai sens de g\u00e9n\u00e9rosit\u00e9 ! \"<\/h4>\t\t\t\t<\/div>\n\t\t\t\t<\/div>\n\t\t\t\t<div class=\"elementor-element elementor-element-d503280 elementor-widget elementor-widget-image\" data-id=\"d503280\" data-element_type=\"widget\" data-e-type=\"widget\" data-widget_type=\"image.default\">\n\t\t\t\t<div class=\"elementor-widget-container\">\n\t\t\t\t\t\t\t\t\t\t\t\t\t\t\t<img decoding=\"async\" width=\"839\" height=\"1080\" src=\"https:\/\/gift-and-smile.com\/wp-content\/uploads\/2025\/05\/WhatsApp-Image-2024-12-01-at-19.31.38_05fce669.jpg\" class=\"attachment-full size-full wp-image-629\" alt=\"\" srcset=\"https:\/\/gift-and-smile.com\/wp-content\/uploads\/2025\/05\/WhatsApp-Image-2024-12-01-at-19.31.38_05fce669.jpg 839w, https:\/\/gift-and-smile.com\/wp-content\/uploads\/2025\/05\/WhatsApp-Image-2024-12-01-at-19.31.38_05fce669-233x300.jpg 233w, https:\/\/gift-and-smile.com\/wp-content\/uploads\/2025\/05\/WhatsApp-Image-2024-12-01-at-19.31.38_05fce669-795x1024.jpg 795w, https:\/\/gift-and-smile.com\/wp-content\/uploads\/2025\/05\/WhatsApp-Image-2024-12-01-at-19.31.38_05fce669-768x989.jpg 768w, https:\/\/gift-and-smile.com\/wp-content\/uploads\/2025\/05\/WhatsApp-Image-2024-12-01-at-19.31.38_05fce669-19x24.jpg 19w, https:\/\/gift-and-smile.com\/wp-content\/uploads\/2025\/05\/WhatsApp-Image-2024-12-01-at-19.31.38_05fce669-28x36.jpg 28w, https:\/\/gift-and-smile.com\/wp-content\/uploads\/2025\/05\/WhatsApp-Image-2024-12-01-at-19.31.38_05fce669-37x48.jpg 37w, https:\/\/gift-and-smile.com\/wp-content\/uploads\/2025\/05\/WhatsApp-Image-2024-12-01-at-19.31.38_05fce669-600x772.jpg 600w\" sizes=\"(max-width: 839px) 100vw, 839px\" \/>\t\t\t\t\t\t\t\t\t\t\t\t\t\t\t<\/div>\n\t\t\t\t<\/div>\n\t\t\t\t<div class=\"elementor-element elementor-element-22c93f1 elementor-widget elementor-widget-text-editor\" data-id=\"22c93f1\" data-element_type=\"widget\" data-e-type=\"widget\" data-widget_type=\"text-editor.default\">\n\t\t\t\t<div class=\"elementor-widget-container\">\n\t\t\t\t\t\t\t\t\t<p>C\u00e9dric Onana Samuel<\/p>\t\t\t\t\t\t\t\t<\/div>\n\t\t\t\t<\/div>\n\t\t\t\t<\/div>\n\t\t<div class=\"elementor-element elementor-element-0bd015f e-con-full e-flex e-con e-child\" data-id=\"0bd015f\" data-element_type=\"container\" data-e-type=\"container\">\n\t\t\t\t<\/div>\n\t\t\t\t\t<\/div>\n\t\t\t\t<\/div>\n\t\t\t\t<\/div>\n\t\t","protected":false},"excerpt":{"rendered":"<p>A propos de nous Le projet Gift and Smile est n\u00e9 de l&rsquo;id\u00e9e d&rsquo;apporter du bonheur \u00e0 travers des cadeaux [&hellip;]<\/p>\n","protected":false},"author":3,"featured_media":0,"parent":0,"menu_order":0,"comment_status":"closed","ping_status":"closed","template":"","meta":{"site-sidebar-layout":"no-sidebar","site-content-layout":"","ast-site-content-layout":"full-width-container","site-content-style":"default","site-sidebar-style":"default","ast-global-header-display":"","ast-banner-title-visibility":"","ast-main-header-display":"","ast-hfb-above-header-display":"","ast-hfb-below-header-display":"","ast-hfb-mobile-header-display":"","site-post-title":"disabled","ast-breadcrumbs-content":"","ast-featured-img":"disabled","footer-sml-layout":"","ast-disable-related-posts":"","theme-transparent-header-meta":"","adv-header-id-meta":"","stick-header-meta":"","header-above-stick-meta":"","header-main-stick-meta":"","header-below-stick-meta":"","astra-migrate-meta-layouts":"default","ast-page-background-enabled":"default","ast-page-background-meta":{"desktop":{"background-color":"var(--ast-global-color-5)","background-image":"","background-repeat":"repeat","background-position":"center center","background-size":"auto","background-attachment":"scroll","background-type":"","background-media":"","overlay-type":"","overlay-color":"","overlay-opacity":"","overlay-gradient":""},"tablet":{"background-color":"","background-image":"","background-repeat":"repeat","background-position":"center center","background-size":"auto","background-attachment":"scroll","background-type":"","background-media":"","overlay-type":"","overlay-color":"","overlay-opacity":"","overlay-gradient":""},"mobile":{"background-color":"","background-image":"","background-repeat":"repeat","background-position":"center center","background-size":"auto","background-attachment":"scroll","background-type":"","background-media":"","overlay-type":"","overlay-color":"","overlay-opacity":"","overlay-gradient":""}},"ast-content-background-meta":{"desktop":{"background-color":"var(--ast-global-color-4)","background-image":"","background-repeat":"repeat","background-position":"center center","background-size":"auto","background-attachment":"scroll","background-type":"","background-media":"","overlay-type":"","overlay-color":"","overlay-opacity":"","overlay-gradient":""},"tablet":{"background-color":"var(--ast-global-color-4)","background-image":"","background-repeat":"repeat","background-position":"center center","background-size":"auto","background-attachment":"scroll","background-type":"","background-media":"","overlay-type":"","overlay-color":"","overlay-opacity":"","overlay-gradient":""},"mobile":{"background-color":"var(--ast-global-color-4)","background-image":"","background-repeat":"repeat","background-position":"center center","background-size":"auto","background-attachment":"scroll","background-type":"","background-media":"","overlay-type":"","overlay-color":"","overlay-opacity":"","overlay-gradient":""}},"footnotes":""},"class_list":["post-143","page","type-page","status-publish","hentry"],"yoast_head":"<!-- This site is optimized with the Yoast SEO plugin v26.7 - https:\/\/yoast.com\/wordpress\/plugins\/seo\/ -->\n<title>A propos - Gift and smile<\/title>\n<meta name=\"robots\" content=\"index, follow, max-snippet:-1, max-image-preview:large, max-video-preview:-1\" \/>\n<link rel=\"canonical\" href=\"https:\/\/gift-and-smile.com\/?page_id=143\" \/>\n<meta property=\"og:locale\" content=\"fr_FR\" \/>\n<meta property=\"og:type\" content=\"article\" \/>\n<meta property=\"og:title\" content=\"A propos - Gift and smile\" \/>\n<meta property=\"og:description\" content=\"A propos de nous Le projet Gift and Smile est n\u00e9 de l&rsquo;id\u00e9e d&rsquo;apporter du bonheur \u00e0 travers des cadeaux [&hellip;]\" \/>\n<meta property=\"og:url\" content=\"https:\/\/gift-and-smile.com\/?page_id=143\" \/>\n<meta property=\"og:site_name\" content=\"Gift and smile\" \/>\n<meta property=\"article:modified_time\" content=\"2025-09-05T16:36:24+00:00\" \/>\n<meta property=\"og:image\" content=\"https:\/\/gift-and-smile.com\/wp-content\/uploads\/2025\/05\/femme-celebrant-avec-une-coupe-de-champagne-et-presente-scaled.jpg\" \/>\n\t<meta property=\"og:image:width\" content=\"2560\" \/>\n\t<meta property=\"og:image:height\" content=\"1707\" \/>\n\t<meta property=\"og:image:type\" content=\"image\/jpeg\" \/>\n<meta name=\"twitter:card\" content=\"summary_large_image\" \/>\n<meta name=\"twitter:label1\" content=\"Dur\u00e9e de lecture estim\u00e9e\" \/>\n\t<meta name=\"twitter:data1\" content=\"2 minutes\" \/>\n<script type=\"application\/ld+json\" class=\"yoast-schema-graph\">{\"@context\":\"https:\/\/schema.org\",\"@graph\":[{\"@type\":\"WebPage\",\"@id\":\"https:\/\/gift-and-smile.com\/?page_id=143\",\"url\":\"https:\/\/gift-and-smile.com\/?page_id=143\",\"name\":\"A propos - Gift and smile\",\"isPartOf\":{\"@id\":\"https:\/\/gift-and-smile.com\/#website\"},\"primaryImageOfPage\":{\"@id\":\"https:\/\/gift-and-smile.com\/?page_id=143#primaryimage\"},\"image\":{\"@id\":\"https:\/\/gift-and-smile.com\/?page_id=143#primaryimage\"},\"thumbnailUrl\":\"https:\/\/gift-and-smile.com\/wp-content\/uploads\/2025\/05\/femme-celebrant-avec-une-coupe-de-champagne-et-presente-scaled.jpg\",\"datePublished\":\"2025-05-13T15:06:58+00:00\",\"dateModified\":\"2025-09-05T16:36:24+00:00\",\"breadcrumb\":{\"@id\":\"https:\/\/gift-and-smile.com\/?page_id=143#breadcrumb\"},\"inLanguage\":\"fr-FR\",\"potentialAction\":[{\"@type\":\"ReadAction\",\"target\":[\"https:\/\/gift-and-smile.com\/?page_id=143\"]}]},{\"@type\":\"ImageObject\",\"inLanguage\":\"fr-FR\",\"@id\":\"https:\/\/gift-and-smile.com\/?page_id=143#primaryimage\",\"url\":\"https:\/\/gift-and-smile.com\/wp-content\/uploads\/2025\/05\/femme-celebrant-avec-une-coupe-de-champagne-et-presente-scaled.jpg\",\"contentUrl\":\"https:\/\/gift-and-smile.com\/wp-content\/uploads\/2025\/05\/femme-celebrant-avec-une-coupe-de-champagne-et-presente-scaled.jpg\",\"width\":2560,\"height\":1707},{\"@type\":\"BreadcrumbList\",\"@id\":\"https:\/\/gift-and-smile.com\/?page_id=143#breadcrumb\",\"itemListElement\":[{\"@type\":\"ListItem\",\"position\":1,\"name\":\"Accueil\",\"item\":\"https:\/\/gift-and-smile.com\/\"},{\"@type\":\"ListItem\",\"position\":2,\"name\":\"A propos\"}]},{\"@type\":\"WebSite\",\"@id\":\"https:\/\/gift-and-smile.com\/#website\",\"url\":\"https:\/\/gift-and-smile.com\/\",\"name\":\"Gift and smile\",\"description\":\"Donner du sourire\",\"publisher\":{\"@id\":\"https:\/\/gift-and-smile.com\/#organization\"},\"potentialAction\":[{\"@type\":\"SearchAction\",\"target\":{\"@type\":\"EntryPoint\",\"urlTemplate\":\"https:\/\/gift-and-smile.com\/?s={search_term_string}\"},\"query-input\":{\"@type\":\"PropertyValueSpecification\",\"valueRequired\":true,\"valueName\":\"search_term_string\"}}],\"inLanguage\":\"fr-FR\"},{\"@type\":\"Organization\",\"@id\":\"https:\/\/gift-and-smile.com\/#organization\",\"name\":\"Gift and smile\",\"url\":\"https:\/\/gift-and-smile.com\/\",\"logo\":{\"@type\":\"ImageObject\",\"inLanguage\":\"fr-FR\",\"@id\":\"https:\/\/gift-and-smile.com\/#\/schema\/logo\/image\/\",\"url\":\"https:\/\/gift-and-smile.com\/wp-content\/uploads\/2025\/05\/cropped-logo1.jpg\",\"contentUrl\":\"https:\/\/gift-and-smile.com\/wp-content\/uploads\/2025\/05\/cropped-logo1.jpg\",\"width\":1078,\"height\":720,\"caption\":\"Gift and smile\"},\"image\":{\"@id\":\"https:\/\/gift-and-smile.com\/#\/schema\/logo\/image\/\"}}]}<\/script>\n<!-- \/ Yoast SEO plugin. -->","yoast_head_json":{"title":"A propos - Gift and smile","robots":{"index":"index","follow":"follow","max-snippet":"max-snippet:-1","max-image-preview":"max-image-preview:large","max-video-preview":"max-video-preview:-1"},"canonical":"https:\/\/gift-and-smile.com\/?page_id=143","og_locale":"fr_FR","og_type":"article","og_title":"A propos - Gift and smile","og_description":"A propos de nous Le projet Gift and Smile est n\u00e9 de l&rsquo;id\u00e9e d&rsquo;apporter du bonheur \u00e0 travers des cadeaux [&hellip;]","og_url":"https:\/\/gift-and-smile.com\/?page_id=143","og_site_name":"Gift and smile","article_modified_time":"2025-09-05T16:36:24+00:00","og_image":[{"width":2560,"height":1707,"url":"https:\/\/gift-and-smile.com\/wp-content\/uploads\/2025\/05\/femme-celebrant-avec-une-coupe-de-champagne-et-presente-scaled.jpg","type":"image\/jpeg"}],"twitter_card":"summary_large_image","twitter_misc":{"Dur\u00e9e de lecture estim\u00e9e":"2 minutes"},"schema":{"@context":"https:\/\/schema.org","@graph":[{"@type":"WebPage","@id":"https:\/\/gift-and-smile.com\/?page_id=143","url":"https:\/\/gift-and-smile.com\/?page_id=143","name":"A propos - Gift and smile","isPartOf":{"@id":"https:\/\/gift-and-smile.com\/#website"},"primaryImageOfPage":{"@id":"https:\/\/gift-and-smile.com\/?page_id=143#primaryimage"},"image":{"@id":"https:\/\/gift-and-smile.com\/?page_id=143#primaryimage"},"thumbnailUrl":"https:\/\/gift-and-smile.com\/wp-content\/uploads\/2025\/05\/femme-celebrant-avec-une-coupe-de-champagne-et-presente-scaled.jpg","datePublished":"2025-05-13T15:06:58+00:00","dateModified":"2025-09-05T16:36:24+00:00","breadcrumb":{"@id":"https:\/\/gift-and-smile.com\/?page_id=143#breadcrumb"},"inLanguage":"fr-FR","potentialAction":[{"@type":"ReadAction","target":["https:\/\/gift-and-smile.com\/?page_id=143"]}]},{"@type":"ImageObject","inLanguage":"fr-FR","@id":"https:\/\/gift-and-smile.com\/?page_id=143#primaryimage","url":"https:\/\/gift-and-smile.com\/wp-content\/uploads\/2025\/05\/femme-celebrant-avec-une-coupe-de-champagne-et-presente-scaled.jpg","contentUrl":"https:\/\/gift-and-smile.com\/wp-content\/uploads\/2025\/05\/femme-celebrant-avec-une-coupe-de-champagne-et-presente-scaled.jpg","width":2560,"height":1707},{"@type":"BreadcrumbList","@id":"https:\/\/gift-and-smile.com\/?page_id=143#breadcrumb","itemListElement":[{"@type":"ListItem","position":1,"name":"Accueil","item":"https:\/\/gift-and-smile.com\/"},{"@type":"ListItem","position":2,"name":"A propos"}]},{"@type":"WebSite","@id":"https:\/\/gift-and-smile.com\/#website","url":"https:\/\/gift-and-smile.com\/","name":"Gift and smile","description":"Donner du sourire","publisher":{"@id":"https:\/\/gift-and-smile.com\/#organization"},"potentialAction":[{"@type":"SearchAction","target":{"@type":"EntryPoint","urlTemplate":"https:\/\/gift-and-smile.com\/?s={search_term_string}"},"query-input":{"@type":"PropertyValueSpecification","valueRequired":true,"valueName":"search_term_string"}}],"inLanguage":"fr-FR"},{"@type":"Organization","@id":"https:\/\/gift-and-smile.com\/#organization","name":"Gift and smile","url":"https:\/\/gift-and-smile.com\/","logo":{"@type":"ImageObject","inLanguage":"fr-FR","@id":"https:\/\/gift-and-smile.com\/#\/schema\/logo\/image\/","url":"https:\/\/gift-and-smile.com\/wp-content\/uploads\/2025\/05\/cropped-logo1.jpg","contentUrl":"https:\/\/gift-and-smile.com\/wp-content\/uploads\/2025\/05\/cropped-logo1.jpg","width":1078,"height":720,"caption":"Gift and smile"},"image":{"@id":"https:\/\/gift-and-smile.com\/#\/schema\/logo\/image\/"}}]}},"_links":{"self":[{"href":"https:\/\/gift-and-smile.com\/index.php?rest_route=\/wp\/v2\/pages\/143","targetHints":{"allow":["GET"]}}],"collection":[{"href":"https:\/\/gift-and-smile.com\/index.php?rest_route=\/wp\/v2\/pages"}],"about":[{"href":"https:\/\/gift-and-smile.com\/index.php?rest_route=\/wp\/v2\/types\/page"}],"author":[{"embeddable":true,"href":"https:\/\/gift-and-smile.com\/index.php?rest_route=\/wp\/v2\/users\/3"}],"replies":[{"embeddable":true,"href":"https:\/\/gift-and-smile.com\/index.php?rest_route=%2Fwp%2Fv2%2Fcomments&post=143"}],"version-history":[{"count":37,"href":"https:\/\/gift-and-smile.com\/index.php?rest_route=\/wp\/v2\/pages\/143\/revisions"}],"predecessor-version":[{"id":1618,"href":"https:\/\/gift-and-smile.com\/index.php?rest_route=\/wp\/v2\/pages\/143\/revisions\/1618"}],"wp:attachment":[{"href":"https:\/\/gift-and-smile.com\/index.php?rest_route=%2Fwp%2Fv2%2Fmedia&parent=143"}],"curies":[{"name":"wp","href":"https:\/\/api.w.org\/{rel}","templated":true}]}}